{"id":1276,"date":"2023-12-12T21:52:11","date_gmt":"2023-12-13T00:52:11","guid":{"rendered":"https:\/\/bbl.manacacomunicacao.com.br\/?page_id=1276"},"modified":"2024-11-14T17:26:37","modified_gmt":"2024-11-14T20:26:37","slug":"nossa-historia","status":"publish","type":"page","link":"https:\/\/bbleng.com.br\/es\/nossa-historia\/","title":{"rendered":"NUESTRA HISTORIA"},"content":{"rendered":"<div data-elementor-type=\"wp-page\" data-elementor-id=\"1276\" class=\"elementor elementor-1276\">\n\t\t\t\t\t\t<section class=\"elementor-section elementor-top-section elementor-element elementor-element-5fb7010 elementor-section-boxed elementor-section-height-default elementor-section-height-default\" data-id=\"5fb7010\" data-element_type=\"section\" data-settings=\"{&quot;background_background&quot;:&quot;gradient&quot;,&quot;shape_divider_bottom&quot;:&quot;lqd-custom-shape-12&quot;}\">\n\t\t\t\t\t<div class=\"elementor-shape elementor-shape-bottom\" data-negative=\"false\">\n\t\t\t<svg class=\"lqd-custom-shape\" xmlns=\"http:\/\/www.w3.org\/2000\/svg\" preserveaspectratio=\"none\"  viewbox=\"0 0 1440 150\">\n    <path class=\"elementor-shape-fill\" d=\"M 0 26.1978 C 275.76 83.8152 430.707 65.0509 716.279 25.6386 C 930.422 -3.86123 1210.32 -3.98357 1439 9.18045 C 2072.34 45.9691 2201.93 62.4429 2560 26.198 V 172.199 L 0 172.199 V 26.1978 Z\">\n        <animate repeatcount=\"indefinite\" fill=\"freeze\" attributename=\"d\" dur=\"10s\" values=\"M0 25.9086C277 84.5821 433 65.736 720 25.9086C934.818 -3.9019 1214.06 -5.23669 1442 8.06597C2079 45.2421 2208 63.5007 2560 25.9088V171.91L0 171.91V25.9086Z; M0 86.3149C316 86.315 444 159.155 884 51.1554C1324 -56.8446 1320.29 34.1214 1538 70.4063C1814 116.407 2156 188.408 2560 86.315V232.317L0 232.316V86.3149Z; M0 53.6584C158 11.0001 213 0 363 0C513 0 855.555 115.001 1154 115.001C1440 115.001 1626 -38.0004 2560 53.6585V199.66L0 199.66V53.6584Z; M0 25.9086C277 84.5821 433 65.736 720 25.9086C934.818 -3.9019 1214.06 -5.23669 1442 8.06597C2079 45.2421 2208 63.5007 2560 25.9088V171.91L0 171.91V25.9086Z\">\n        <\/animate>\n    <\/path>\n<\/svg>\t\t<\/div>\n\t\t\t\t\t<div class=\"elementor-container elementor-column-gap-default\">\n\t\t\t\t\t<div class=\"elementor-column elementor-col-100 elementor-top-column elementor-element elementor-element-ba3b91d\" data-id=\"ba3b91d\" data-element_type=\"column\">\n\t\t\t<div class=\"elementor-widget-wrap elementor-element-populated\">\n\t\t\t\t\t\t<section class=\"elementor-section elementor-inner-section elementor-element elementor-element-de4b000 elementor-section-boxed elementor-section-height-default elementor-section-height-default\" data-id=\"de4b000\" data-element_type=\"section\">\n\t\t\t\t\t\t<div class=\"elementor-container elementor-column-gap-default\">\n\t\t\t\t\t<div class=\"elementor-column elementor-col-100 elementor-inner-column elementor-element elementor-element-7458fab\" data-id=\"7458fab\" data-element_type=\"column\">\n\t\t\t<div class=\"elementor-widget-wrap elementor-element-populated\">\n\t\t\t\t\t\t<div class=\"elementor-element elementor-element-9e4d53f elementor-widget elementor-widget-hub_fancy_heading\" data-id=\"9e4d53f\" data-element_type=\"widget\" data-widget_type=\"hub_fancy_heading.default\">\n\t\t\t\t<div class=\"elementor-widget-container\">\n\t\t\t\n\t\t<div id=\"ld-fancy-heading-69e5a6c401e7a\" class=\"ld-fancy-heading pos-rel\">\n\t\t\t<h1 class=\"ld-fh-element d-inline-block pos-rel  elementor-heading-title lqd-highlight-classic lqd-highlight-grow-left h1\"  > HISTORIA<\/h1>\t\t<\/div>\n\n\t\t\t\t<\/div>\n\t\t\t\t<\/div>\n\t\t\t\t<div class=\"elementor-element elementor-element-e42acec elementor-widget elementor-widget-ld_button\" data-id=\"e42acec\" data-element_type=\"widget\" data-widget_type=\"ld_button.default\">\n\t\t\t\t<div class=\"elementor-widget-container\">\n\t\t\t\n\t\t\t<a\n\t\t\t\tclass=\"elementor-button btn btn-naked btn-icon-block btn-no-label\" data-localscroll=\"1\" data-localscroll-options=\"{&quot;scrollBelowSection&quot;:true}\" href=\"#\"\t\t\t>\n\t\t\t\t\t\t\t\t\t\t\t\t\t\t<span class=\"btn-icon\">\n\t\t\t\t\t\t\t<i aria-hidden=\"true\" class=\"lqd-icn-ess icon-ion-ios-arrow-down\"><\/i>\t\t\t\t\t\t<\/span>\n\t\t\t\t\t\t\t\t\t<\/a>\n\t\t\t\t\t<\/div>\n\t\t\t\t<\/div>\n\t\t\t\t\t<\/div>\n\t\t<\/div>\n\t\t\t\t\t<\/div>\n\t\t<\/section>\n\t\t\t\t\t<\/div>\n\t\t<\/div>\n\t\t\t\t\t<\/div>\n\t\t<\/section>\n\t\t\t\t<section class=\"elementor-section elementor-top-section elementor-element elementor-element-e86b6e elementor-section-boxed elementor-section-height-default elementor-section-height-default\" data-id=\"e86b6e\" data-element_type=\"section\">\n\t\t\t\t\t\t<div class=\"elementor-container elementor-column-gap-default\">\n\t\t\t\t\t<div class=\"elementor-column elementor-col-100 elementor-top-column elementor-element elementor-element-5036914a\" data-id=\"5036914a\" data-element_type=\"column\">\n\t\t\t<div class=\"elementor-widget-wrap elementor-element-populated\">\n\t\t\t\t\t\t<section class=\"elementor-section elementor-inner-section elementor-element elementor-element-199cddfc elementor-section-boxed elementor-section-height-default elementor-section-height-default\" data-id=\"199cddfc\" data-element_type=\"section\">\n\t\t\t\t\t\t<div class=\"elementor-container elementor-column-gap-default\">\n\t\t\t\t\t<div data-custom-animations=\"true\" data-ca-options=\"{&quot;addChildTimelines&quot;:false,&quot;animationTarget&quot;:&quot;:scope &gt; .elementor-widget-wrap &gt; .elementor-element &gt; .elementor-widget-container, :scope &gt; .elementor-widget-wrap &gt; .elementor-section &gt; .elementor-container &gt; .elementor-column &gt; .elementor-widget-wrap &gt; .elementor-element:not(.lqd-el-has-inner-anim) &gt; .elementor-widget-container, :scope &gt; .elementor-widget-wrap &gt; .elementor-widget-hub_fancy_heading .lqd-split-lines .lqd-lines .split-inner, :scope &gt; .elementor-widget-wrap &gt; .elementor-widget-hub_fancy_heading .lqd-split-words .lqd-words .split-inner, :scope &gt; .elementor-widget-wrap &gt; .elementor-widget-hub_fancy_heading .lqd-split-chars .lqd-chars .split-inner, :scope &gt; .elementor-widget-wrap &gt; .elementor-widget-ld_custom_menu .lqd-fancy-menu &gt; ul &gt; li&quot;,&quot;ease&quot;:[&quot;power4.out&quot;],&quot;initValues&quot;:{&quot;y&quot;:&quot;60px&quot;,&quot;opacity&quot;:0},&quot;animations&quot;:{&quot;y&quot;:&quot;0px&quot;,&quot;opacity&quot;:1}}\" class=\"elementor-column elementor-col-100 elementor-inner-column elementor-element elementor-element-1ac7940\" data-id=\"1ac7940\" data-element_type=\"column\">\n\t\t\t<div class=\"elementor-widget-wrap elementor-element-populated\">\n\t\t\t\t\t\t<div class=\"elementor-element elementor-element-6e2e58ef elementor-widget elementor-widget-hub_fancy_heading\" data-id=\"6e2e58ef\" data-element_type=\"widget\" data-widget_type=\"hub_fancy_heading.default\">\n\t\t\t\t<div class=\"elementor-widget-container\">\n\t\t\t\n\t\t<div id=\"ld-fancy-heading-69e5a6c40719f\" class=\"ld-fancy-heading pos-rel\">\n\t\t\t<h2 class=\"ld-fh-element d-inline-block pos-rel  elementor-heading-title lqd-highlight-classic lqd-highlight-grow-left h2\"  > Optimizamos el futuro de la distribuci\u00f3n de agua y alcantarillado<\/h2>\t\t<\/div>\n\n\t\t\t\t<\/div>\n\t\t\t\t<\/div>\n\t\t\t\t\t<\/div>\n\t\t<\/div>\n\t\t\t\t\t<\/div>\n\t\t<\/section>\n\t\t\t\t\t<\/div>\n\t\t<\/div>\n\t\t\t\t\t<\/div>\n\t\t<\/section>\n\t\t\t\t<section class=\"elementor-section elementor-top-section elementor-element elementor-element-38659210 elementor-section-boxed elementor-section-height-default elementor-section-height-default\" data-id=\"38659210\" data-element_type=\"section\">\n\t\t\t\t\t\t<div class=\"elementor-container elementor-column-gap-default\">\n\t\t\t\t\t<div class=\"elementor-column elementor-col-50 elementor-top-column elementor-element elementor-element-741a7810\" data-id=\"741a7810\" data-element_type=\"column\">\n\t\t\t<div class=\"elementor-widget-wrap elementor-element-populated\">\n\t\t\t\t\t\t<div class=\"elementor-element elementor-element-57a9743e elementor-widget elementor-widget-image\" data-id=\"57a9743e\" data-element_type=\"widget\" data-widget_type=\"image.default\">\n\t\t\t\t<div class=\"elementor-widget-container\">\n\t\t\t<style>\/*! elementor - v3.21.0 - 26-05-2024 *\/\n.elementor-widget-image{text-align:center}.elementor-widget-image a{display:inline-block}.elementor-widget-image a img[src$=\".svg\"]{width:48px}.elementor-widget-image img{vertical-align:middle;display:inline-block}<\/style>\t\t\t\t\t\t\t\t\t\t<img fetchpriority=\"high\" decoding=\"async\" width=\"1200\" height=\"630\" src=\"https:\/\/bbleng.com.br\/wp-content\/uploads\/2023\/07\/logo_miya_final_2_10228629865e316f654e335.jpg\" class=\"attachment-full size-full wp-image-624\" alt=\"\" srcset=\"https:\/\/bbleng.com.br\/wp-content\/uploads\/2023\/07\/logo_miya_final_2_10228629865e316f654e335.jpg 1200w, https:\/\/bbleng.com.br\/wp-content\/uploads\/2023\/07\/logo_miya_final_2_10228629865e316f654e335-300x158.jpg 300w, https:\/\/bbleng.com.br\/wp-content\/uploads\/2023\/07\/logo_miya_final_2_10228629865e316f654e335-1024x538.jpg 1024w, https:\/\/bbleng.com.br\/wp-content\/uploads\/2023\/07\/logo_miya_final_2_10228629865e316f654e335-200x105.jpg 200w, https:\/\/bbleng.com.br\/wp-content\/uploads\/2023\/07\/logo_miya_final_2_10228629865e316f654e335-18x9.jpg 18w\" sizes=\"(max-width: 1200px) 100vw, 1200px\" \/>\t\t\t\t\t\t\t\t\t\t\t\t\t<\/div>\n\t\t\t\t<\/div>\n\t\t\t\t<div class=\"elementor-element elementor-element-5f8046c0 elementor-widget__width-initial elementor-widget elementor-widget-text-editor\" data-id=\"5f8046c0\" data-element_type=\"widget\" data-widget_type=\"text-editor.default\">\n\t\t\t\t<div class=\"elementor-widget-container\">\n\t\t\t<style>\/*! elementor - v3.21.0 - 26-05-2024 *\/\n.elementor-widget-text-editor.elementor-drop-cap-view-stacked .elementor-drop-cap{background-color:#69727d;color:#fff}.elementor-widget-text-editor.elementor-drop-cap-view-framed .elementor-drop-cap{color:#69727d;border:3px solid;background-color:transparent}.elementor-widget-text-editor:not(.elementor-drop-cap-view-default) .elementor-drop-cap{margin-top:8px}.elementor-widget-text-editor:not(.elementor-drop-cap-view-default) .elementor-drop-cap-letter{width:1em;height:1em}.elementor-widget-text-editor .elementor-drop-cap{float:left;text-align:center;line-height:1;font-size:50px}.elementor-widget-text-editor .elementor-drop-cap-letter{display:inline-block}<\/style>\t\t\t\t<p class=\" translation-block\"><strong>MIYA<\/strong> es un operador de agua \u2013l\u00edder mundial en eficiencia\u2013 con amplia experiencia y una oferta completa de servicios p\u00fablicos de agua, incluyendo eficiencia h\u00eddrica, gesti\u00f3n comercial y tratamiento de agua.<\/p><p>La compa\u00f1\u00eda desarrolla proyectos de eficiencia h\u00eddrica, dise\u00f1ando e implementando soluciones que mejoran significativamente la eficiencia financiera y operativa de los clientes, brindando servicios de agua en los cinco continentes a trav\u00e9s de m\u00faltiples modelos, involucrando a millones de personas.<\/p><p>Hemos liderado algunos de los proyectos de p\u00e9rdidas de agua m\u00e1s grandes y complicados en el \u00e1rea de eficiencia h\u00eddrica en asociaci\u00f3n con otras empresas de servicios p\u00fablicos y privadas.<\/p><p>MIYA es la empresa con mayor know-how en proyectos de NRW a nivel mundial y cuenta en su equipo con especialistas reconocidos en todo el mundo. En total, el grupo ha realizado m\u00e1s de 200 proyectos en Europa, Oriente Medio, Asia, Norteam\u00e9rica y Sudam\u00e9rica.<\/p>\t\t\t\t\t\t<\/div>\n\t\t\t\t<\/div>\n\t\t\t\t<div class=\"elementor-element elementor-element-5bf8606 elementor-widget elementor-widget-ld_button\" data-id=\"5bf8606\" data-element_type=\"widget\" data-widget_type=\"ld_button.default\">\n\t\t\t\t<div class=\"elementor-widget-container\">\n\t\t\t\n\t\t\t<a\n\t\t\t\thref=\"https:\/\/www.miya-water.com\/en\/\" target=\"_blank\"class=\"elementor-button btn btn-solid btn-icon-shaped btn-has-label\"\t\t\t>\n\t\t\t\t\t\t\t\t\t<span data-text=\"Acessar site do Grupo MIYA\" class=\"btn-txt\">\n\t\t\t\t\t\tWEB MIYA\t\t\t\t\t<\/span>\n\t\t\t\t\t\t\t\t\t\t\t<\/a>\n\t\t\t\t\t<\/div>\n\t\t\t\t<\/div>\n\t\t\t\t\t<\/div>\n\t\t<\/div>\n\t\t\t\t<div class=\"elementor-column elementor-col-50 elementor-top-column elementor-element elementor-element-1e351e4b\" data-id=\"1e351e4b\" data-element_type=\"column\">\n\t\t\t<div class=\"elementor-widget-wrap elementor-element-populated\">\n\t\t\t\t\t\t<div class=\"elementor-element elementor-element-7cc99c32 elementor-widget elementor-widget-image\" data-id=\"7cc99c32\" data-element_type=\"widget\" data-widget_type=\"image.default\">\n\t\t\t\t<div class=\"elementor-widget-container\">\n\t\t\t\t\t\t\t\t\t\t\t\t\t<img decoding=\"async\" width=\"337\" height=\"358\" src=\"data:image\/svg+xml;charset=utf-8,%3Csvg xmlns%3D&#039;http%3A%2F%2Fwww.w3.org%2F2000%2Fsvg&#039; viewBox%3D&#039;0 0 337 358&#039;%2F%3E\" class=\"attachment-full size-full wp-image-580 ld-lazyload\" alt=\"\" data-src=\"https:\/\/bbleng.com.br\/wp-content\/uploads\/2021\/07\/Logo-BBL.png\" data-srcset=\"https:\/\/bbleng.com.br\/wp-content\/uploads\/2021\/07\/Logo-BBL.png 337w, https:\/\/bbleng.com.br\/wp-content\/uploads\/2021\/07\/Logo-BBL-282x300.png 282w, https:\/\/bbleng.com.br\/wp-content\/uploads\/2021\/07\/Logo-BBL-188x200.png 188w, https:\/\/bbleng.com.br\/wp-content\/uploads\/2021\/07\/Logo-BBL-11x12.png 11w\" data-sizes=\"(max-width: 337px) 100vw, 337px\" data-aspect=\"0.94134078212291\" \/>\t\t\t\t\t\t\t\t\t\t\t\t\t<\/div>\n\t\t\t\t<\/div>\n\t\t\t\t<div class=\"elementor-element elementor-element-347e97ec elementor-widget__width-initial elementor-widget elementor-widget-text-editor\" data-id=\"347e97ec\" data-element_type=\"widget\" data-widget_type=\"text-editor.default\">\n\t\t\t\t<div class=\"elementor-widget-container\">\n\t\t\t\t\t\t\t<p>BBL Engenharia es una empresa especializada en proyectos de gesti\u00f3n de Aguas No Registradas (ANR), que forma parte del Grupo MIYA en el mercado brasile\u00f1o, ofreciendo soluciones integrales de ingenier\u00eda para la optimizaci\u00f3n operativa de los sistemas de distribuci\u00f3n y alcantarillado.<\/p>\n<p>La empresa es un referente en soluciones integrales de ingenier\u00eda para la optimizaci\u00f3n operativa de sistemas de distribuci\u00f3n de agua y alcantarillado en el mercado brasile\u00f1o. Contamos con 50 a\u00f1os de experiencia y excelencia demostrada en ofrecer servicios de alta calidad para satisfacer las crecientes y exigentes demandas del sector.<\/p>\n<p>El enfoque de BBL Engenharia se basa en un amplio conocimiento de las necesidades espec\u00edficas de cada cliente. Trabajamos en estrecha colaboraci\u00f3n con los equipos locales para identificar los retos operativos y desarrollar soluciones personalizadas que den lugar a mejoras cuantificables y sostenibles. Nuestros proyectos se ejecutan con rapidez y eficacia, siempre centrados en la excelencia t\u00e9cnica y la satisfacci\u00f3n del cliente.<\/p>\t\t\t\t\t\t<\/div>\n\t\t\t\t<\/div>\n\t\t\t\t\t<\/div>\n\t\t<\/div>\n\t\t\t\t\t<\/div>\n\t\t<\/section>\n\t\t\t\t<section class=\"elementor-section elementor-top-section elementor-element elementor-element-a27094d elementor-section-full_width elementor-section-height-default elementor-section-height-default\" data-id=\"a27094d\" data-element_type=\"section\">\n\t\t\t\t\t\t<div class=\"elementor-container elementor-column-gap-wider\">\n\t\t\t\t\t<div class=\"elementor-column elementor-col-100 elementor-top-column elementor-element elementor-element-71556ee\" data-id=\"71556ee\" data-element_type=\"column\">\n\t\t\t<div class=\"elementor-widget-wrap elementor-element-populated\">\n\t\t\t\t\t\t<div class=\"elementor-element elementor-element-8c82d31 elementor-widget elementor-widget-image\" data-id=\"8c82d31\" data-element_type=\"widget\" data-widget_type=\"image.default\">\n\t\t\t\t<div class=\"elementor-widget-container\">\n\t\t\t\t\t\t\t\t\t\t\t\t\t<img decoding=\"async\" width=\"4001\" height=\"1334\" src=\"data:image\/svg+xml;charset=utf-8,%3Csvg xmlns%3D&#039;http%3A%2F%2Fwww.w3.org%2F2000%2Fsvg&#039; viewBox%3D&#039;0 0 4001 1334&#039;%2F%3E\" class=\"attachment-full size-full wp-image-1803 ld-lazyload\" alt=\"\" data-src=\"https:\/\/bbleng.com.br\/wp-content\/uploads\/2024\/11\/Linha-do-Tempo-BBL_2-01.jpg\" data-srcset=\"https:\/\/bbleng.com.br\/wp-content\/uploads\/2024\/11\/Linha-do-Tempo-BBL_2-01.jpg 4001w, https:\/\/bbleng.com.br\/wp-content\/uploads\/2024\/11\/Linha-do-Tempo-BBL_2-01-300x100.jpg 300w, https:\/\/bbleng.com.br\/wp-content\/uploads\/2024\/11\/Linha-do-Tempo-BBL_2-01-1024x341.jpg 1024w, https:\/\/bbleng.com.br\/wp-content\/uploads\/2024\/11\/Linha-do-Tempo-BBL_2-01-18x6.jpg 18w, https:\/\/bbleng.com.br\/wp-content\/uploads\/2024\/11\/Linha-do-Tempo-BBL_2-01-1536x512.jpg 1536w, https:\/\/bbleng.com.br\/wp-content\/uploads\/2024\/11\/Linha-do-Tempo-BBL_2-01-2048x683.jpg 2048w\" data-sizes=\"(max-width: 4001px) 100vw, 4001px\" data-aspect=\"2.9992503748126\" \/>\t\t\t\t\t\t\t\t\t\t\t\t\t<\/div>\n\t\t\t\t<\/div>\n\t\t\t\t\t<\/div>\n\t\t<\/div>\n\t\t\t\t\t<\/div>\n\t\t<\/section>\n\t\t\t\t<\/div>","protected":false},"excerpt":{"rendered":"<p>HIST\u00d3RIA Otimizando o futuro da distribui\u00e7\u00e3o de \u00e1gua e coleta de esgoto! O Grupo MIYA \u00e9 uma operadora de \u00e1gua \u2013 l\u00edder mundial em efici\u00eancia \u2013 com vasta experi\u00eancia e oferta completa para servi\u00e7os p\u00fablicos de \u00e1gua e de esgoto, incluindo efici\u00eancia h\u00eddrica, gest\u00e3o operacional e comercial e tratamento de \u00e1gua e de esgoto. A [&hellip;]<\/p>","protected":false},"author":1,"featured_media":0,"parent":0,"menu_order":0,"comment_status":"closed","ping_status":"closed","template":"","meta":{"footnotes":""},"class_list":["post-1276","page","type-page","status-publish","hentry"],"yoast_head":"<!-- This site is optimized with the Yoast SEO plugin v22.8 - https:\/\/yoast.com\/wordpress\/plugins\/seo\/ -->\n<title>Nossa Hist\u00f3ria - BBL Engenharia<\/title>\n<meta name=\"robots\" content=\"index, follow, max-snippet:-1, max-image-preview:large, max-video-preview:-1\" \/>\n<link rel=\"canonical\" href=\"https:\/\/bbleng.com.br\/es\/nossa-historia\/\" \/>\n<meta property=\"og:locale\" content=\"es_ES\" \/>\n<meta property=\"og:type\" content=\"article\" \/>\n<meta property=\"og:title\" content=\"Nossa Hist\u00f3ria - BBL Engenharia\" \/>\n<meta property=\"og:description\" content=\"HIST\u00d3RIA Otimizando o futuro da distribui\u00e7\u00e3o de \u00e1gua e coleta de esgoto! O Grupo MIYA \u00e9 uma operadora de \u00e1gua \u2013 l\u00edder mundial em efici\u00eancia \u2013 com vasta experi\u00eancia e oferta completa para servi\u00e7os p\u00fablicos de \u00e1gua e de esgoto, incluindo efici\u00eancia h\u00eddrica, gest\u00e3o operacional e comercial e tratamento de \u00e1gua e de esgoto. A [&hellip;]\" \/>\n<meta property=\"og:url\" content=\"https:\/\/bbleng.com.br\/es\/nossa-historia\/\" \/>\n<meta property=\"og:site_name\" content=\"BBL Engenharia\" \/>\n<meta property=\"article:modified_time\" content=\"2024-11-14T20:26:37+00:00\" \/>\n<meta property=\"og:image\" content=\"https:\/\/bbleng.com.br\/wp-content\/uploads\/2023\/07\/logo_miya_final_2_10228629865e316f654e335.jpg\" \/>\n<meta name=\"twitter:card\" content=\"summary_large_image\" \/>\n<meta name=\"twitter:label1\" content=\"Tiempo de lectura\" \/>\n\t<meta name=\"twitter:data1\" content=\"3 minutos\" \/>\n<script type=\"application\/ld+json\" class=\"yoast-schema-graph\">{\"@context\":\"https:\/\/schema.org\",\"@graph\":[{\"@type\":\"WebPage\",\"@id\":\"https:\/\/bbleng.com.br\/nossa-historia\/\",\"url\":\"https:\/\/bbleng.com.br\/nossa-historia\/\",\"name\":\"Nossa Hist\u00f3ria - BBL Engenharia\",\"isPartOf\":{\"@id\":\"https:\/\/bbleng.com.br\/#website\"},\"primaryImageOfPage\":{\"@id\":\"https:\/\/bbleng.com.br\/nossa-historia\/#primaryimage\"},\"image\":{\"@id\":\"https:\/\/bbleng.com.br\/nossa-historia\/#primaryimage\"},\"thumbnailUrl\":\"https:\/\/bbleng.com.br\/wp-content\/uploads\/2023\/07\/logo_miya_final_2_10228629865e316f654e335.jpg\",\"datePublished\":\"2023-12-13T00:52:11+00:00\",\"dateModified\":\"2024-11-14T20:26:37+00:00\",\"breadcrumb\":{\"@id\":\"https:\/\/bbleng.com.br\/nossa-historia\/#breadcrumb\"},\"inLanguage\":\"es\",\"potentialAction\":[{\"@type\":\"ReadAction\",\"target\":[\"https:\/\/bbleng.com.br\/nossa-historia\/\"]}]},{\"@type\":\"ImageObject\",\"inLanguage\":\"es\",\"@id\":\"https:\/\/bbleng.com.br\/nossa-historia\/#primaryimage\",\"url\":\"https:\/\/bbleng.com.br\/wp-content\/uploads\/2023\/07\/logo_miya_final_2_10228629865e316f654e335.jpg\",\"contentUrl\":\"https:\/\/bbleng.com.br\/wp-content\/uploads\/2023\/07\/logo_miya_final_2_10228629865e316f654e335.jpg\"},{\"@type\":\"BreadcrumbList\",\"@id\":\"https:\/\/bbleng.com.br\/nossa-historia\/#breadcrumb\",\"itemListElement\":[{\"@type\":\"ListItem\",\"position\":1,\"name\":\"In\u00edcio\",\"item\":\"https:\/\/bbleng.com.br\/\"},{\"@type\":\"ListItem\",\"position\":2,\"name\":\"Nossa Hist\u00f3ria\"}]},{\"@type\":\"WebSite\",\"@id\":\"https:\/\/bbleng.com.br\/#website\",\"url\":\"https:\/\/bbleng.com.br\/\",\"name\":\"BBL Engenharia\",\"description\":\"Otimiza\u00e7\u00e3o Operacional de Sistemas de Abastecimento de \u00c1gua e de Coleta de Esgosto!\",\"publisher\":{\"@id\":\"https:\/\/bbleng.com.br\/#organization\"},\"potentialAction\":[{\"@type\":\"SearchAction\",\"target\":{\"@type\":\"EntryPoint\",\"urlTemplate\":\"https:\/\/bbleng.com.br\/?s={search_term_string}\"},\"query-input\":\"required name=search_term_string\"}],\"inLanguage\":\"es\"},{\"@type\":\"Organization\",\"@id\":\"https:\/\/bbleng.com.br\/#organization\",\"name\":\"BBL Engenharia\",\"url\":\"https:\/\/bbleng.com.br\/\",\"logo\":{\"@type\":\"ImageObject\",\"inLanguage\":\"es\",\"@id\":\"https:\/\/bbleng.com.br\/#\/schema\/logo\/image\/\",\"url\":\"https:\/\/bbleng.com.br\/wp-content\/uploads\/2021\/07\/Logo-BBL-3.png\",\"contentUrl\":\"https:\/\/bbleng.com.br\/wp-content\/uploads\/2021\/07\/Logo-BBL-3.png\",\"width\":201,\"height\":214,\"caption\":\"BBL Engenharia\"},\"image\":{\"@id\":\"https:\/\/bbleng.com.br\/#\/schema\/logo\/image\/\"},\"sameAs\":[\"https:\/\/www.linkedin.com\/company\/bblengenharia\"]}]}<\/script>\n<!-- \/ Yoast SEO plugin. -->","yoast_head_json":{"title":"Nossa Hist\u00f3ria - BBL Engenharia","robots":{"index":"index","follow":"follow","max-snippet":"max-snippet:-1","max-image-preview":"max-image-preview:large","max-video-preview":"max-video-preview:-1"},"canonical":"https:\/\/bbleng.com.br\/es\/nossa-historia\/","og_locale":"es_ES","og_type":"article","og_title":"Nossa Hist\u00f3ria - BBL Engenharia","og_description":"HIST\u00d3RIA Otimizando o futuro da distribui\u00e7\u00e3o de \u00e1gua e coleta de esgoto! O Grupo MIYA \u00e9 uma operadora de \u00e1gua \u2013 l\u00edder mundial em efici\u00eancia \u2013 com vasta experi\u00eancia e oferta completa para servi\u00e7os p\u00fablicos de \u00e1gua e de esgoto, incluindo efici\u00eancia h\u00eddrica, gest\u00e3o operacional e comercial e tratamento de \u00e1gua e de esgoto. A [&hellip;]","og_url":"https:\/\/bbleng.com.br\/es\/nossa-historia\/","og_site_name":"BBL Engenharia","article_modified_time":"2024-11-14T20:26:37+00:00","og_image":[{"url":"https:\/\/bbleng.com.br\/wp-content\/uploads\/2023\/07\/logo_miya_final_2_10228629865e316f654e335.jpg"}],"twitter_card":"summary_large_image","twitter_misc":{"Tiempo de lectura":"3 minutos"},"schema":{"@context":"https:\/\/schema.org","@graph":[{"@type":"WebPage","@id":"https:\/\/bbleng.com.br\/nossa-historia\/","url":"https:\/\/bbleng.com.br\/nossa-historia\/","name":"Nossa Hist\u00f3ria - BBL Engenharia","isPartOf":{"@id":"https:\/\/bbleng.com.br\/#website"},"primaryImageOfPage":{"@id":"https:\/\/bbleng.com.br\/nossa-historia\/#primaryimage"},"image":{"@id":"https:\/\/bbleng.com.br\/nossa-historia\/#primaryimage"},"thumbnailUrl":"https:\/\/bbleng.com.br\/wp-content\/uploads\/2023\/07\/logo_miya_final_2_10228629865e316f654e335.jpg","datePublished":"2023-12-13T00:52:11+00:00","dateModified":"2024-11-14T20:26:37+00:00","breadcrumb":{"@id":"https:\/\/bbleng.com.br\/nossa-historia\/#breadcrumb"},"inLanguage":"es","potentialAction":[{"@type":"ReadAction","target":["https:\/\/bbleng.com.br\/nossa-historia\/"]}]},{"@type":"ImageObject","inLanguage":"es","@id":"https:\/\/bbleng.com.br\/nossa-historia\/#primaryimage","url":"https:\/\/bbleng.com.br\/wp-content\/uploads\/2023\/07\/logo_miya_final_2_10228629865e316f654e335.jpg","contentUrl":"https:\/\/bbleng.com.br\/wp-content\/uploads\/2023\/07\/logo_miya_final_2_10228629865e316f654e335.jpg"},{"@type":"BreadcrumbList","@id":"https:\/\/bbleng.com.br\/nossa-historia\/#breadcrumb","itemListElement":[{"@type":"ListItem","position":1,"name":"In\u00edcio","item":"https:\/\/bbleng.com.br\/"},{"@type":"ListItem","position":2,"name":"Nossa Hist\u00f3ria"}]},{"@type":"WebSite","@id":"https:\/\/bbleng.com.br\/#website","url":"https:\/\/bbleng.com.br\/","name":"BBL Engenharia","description":"Otimiza\u00e7\u00e3o Operacional de Sistemas de Abastecimento de \u00c1gua e de Coleta de Esgosto!","publisher":{"@id":"https:\/\/bbleng.com.br\/#organization"},"potentialAction":[{"@type":"SearchAction","target":{"@type":"EntryPoint","urlTemplate":"https:\/\/bbleng.com.br\/?s={search_term_string}"},"query-input":"required name=search_term_string"}],"inLanguage":"es"},{"@type":"Organization","@id":"https:\/\/bbleng.com.br\/#organization","name":"BBL Engenharia","url":"https:\/\/bbleng.com.br\/","logo":{"@type":"ImageObject","inLanguage":"es","@id":"https:\/\/bbleng.com.br\/#\/schema\/logo\/image\/","url":"https:\/\/bbleng.com.br\/wp-content\/uploads\/2021\/07\/Logo-BBL-3.png","contentUrl":"https:\/\/bbleng.com.br\/wp-content\/uploads\/2021\/07\/Logo-BBL-3.png","width":201,"height":214,"caption":"BBL Engenharia"},"image":{"@id":"https:\/\/bbleng.com.br\/#\/schema\/logo\/image\/"},"sameAs":["https:\/\/www.linkedin.com\/company\/bblengenharia"]}]}},"_links":{"self":[{"href":"https:\/\/bbleng.com.br\/es\/wp-json\/wp\/v2\/pages\/1276","targetHints":{"allow":["GET"]}}],"collection":[{"href":"https:\/\/bbleng.com.br\/es\/wp-json\/wp\/v2\/pages"}],"about":[{"href":"https:\/\/bbleng.com.br\/es\/wp-json\/wp\/v2\/types\/page"}],"author":[{"embeddable":true,"href":"https:\/\/bbleng.com.br\/es\/wp-json\/wp\/v2\/users\/1"}],"replies":[{"embeddable":true,"href":"https:\/\/bbleng.com.br\/es\/wp-json\/wp\/v2\/comments?post=1276"}],"version-history":[{"count":55,"href":"https:\/\/bbleng.com.br\/es\/wp-json\/wp\/v2\/pages\/1276\/revisions"}],"predecessor-version":[{"id":1806,"href":"https:\/\/bbleng.com.br\/es\/wp-json\/wp\/v2\/pages\/1276\/revisions\/1806"}],"wp:attachment":[{"href":"https:\/\/bbleng.com.br\/es\/wp-json\/wp\/v2\/media?parent=1276"}],"curies":[{"name":"wp","href":"https:\/\/api.w.org\/{rel}","templated":true}]}}