{"id":1147,"date":"2023-12-05T21:46:40","date_gmt":"2023-12-06T00:46:40","guid":{"rendered":"https:\/\/bbl.manacacomunicacao.com.br\/?page_id=1147"},"modified":"2024-03-12T14:28:16","modified_gmt":"2024-03-12T17:28:16","slug":"trabalhe-conosco","status":"publish","type":"page","link":"https:\/\/bbleng.com.br\/es\/trabalhe-conosco\/","title":{"rendered":"Trabaja con nosotros"},"content":{"rendered":"<div data-elementor-type=\"wp-page\" data-elementor-id=\"1147\" class=\"elementor elementor-1147\">\n\t\t\t\t\t\t<section class=\"elementor-section elementor-top-section elementor-element elementor-element-5fb7010 elementor-section-boxed elementor-section-height-default elementor-section-height-default\" data-id=\"5fb7010\" data-element_type=\"section\" data-settings=\"{&quot;background_background&quot;:&quot;gradient&quot;,&quot;shape_divider_bottom&quot;:&quot;lqd-custom-shape-12&quot;}\">\n\t\t\t\t\t<div class=\"elementor-shape elementor-shape-bottom\" data-negative=\"false\">\n\t\t\t<svg class=\"lqd-custom-shape\" xmlns=\"http:\/\/www.w3.org\/2000\/svg\" preserveaspectratio=\"none\"  viewbox=\"0 0 1440 150\">\n    <path class=\"elementor-shape-fill\" d=\"M 0 26.1978 C 275.76 83.8152 430.707 65.0509 716.279 25.6386 C 930.422 -3.86123 1210.32 -3.98357 1439 9.18045 C 2072.34 45.9691 2201.93 62.4429 2560 26.198 V 172.199 L 0 172.199 V 26.1978 Z\">\n        <animate repeatcount=\"indefinite\" fill=\"freeze\" attributename=\"d\" dur=\"10s\" values=\"M0 25.9086C277 84.5821 433 65.736 720 25.9086C934.818 -3.9019 1214.06 -5.23669 1442 8.06597C2079 45.2421 2208 63.5007 2560 25.9088V171.91L0 171.91V25.9086Z; M0 86.3149C316 86.315 444 159.155 884 51.1554C1324 -56.8446 1320.29 34.1214 1538 70.4063C1814 116.407 2156 188.408 2560 86.315V232.317L0 232.316V86.3149Z; M0 53.6584C158 11.0001 213 0 363 0C513 0 855.555 115.001 1154 115.001C1440 115.001 1626 -38.0004 2560 53.6585V199.66L0 199.66V53.6584Z; M0 25.9086C277 84.5821 433 65.736 720 25.9086C934.818 -3.9019 1214.06 -5.23669 1442 8.06597C2079 45.2421 2208 63.5007 2560 25.9088V171.91L0 171.91V25.9086Z\">\n        <\/animate>\n    <\/path>\n<\/svg>\t\t<\/div>\n\t\t\t\t\t<div class=\"elementor-container elementor-column-gap-default\">\n\t\t\t\t\t<div class=\"elementor-column elementor-col-100 elementor-top-column elementor-element elementor-element-ba3b91d\" data-id=\"ba3b91d\" data-element_type=\"column\">\n\t\t\t<div class=\"elementor-widget-wrap elementor-element-populated\">\n\t\t\t\t\t\t<section class=\"elementor-section elementor-inner-section elementor-element elementor-element-de4b000 elementor-section-boxed elementor-section-height-default elementor-section-height-default\" data-id=\"de4b000\" data-element_type=\"section\">\n\t\t\t\t\t\t<div class=\"elementor-container elementor-column-gap-default\">\n\t\t\t\t\t<div class=\"elementor-column elementor-col-100 elementor-inner-column elementor-element elementor-element-7458fab\" data-id=\"7458fab\" data-element_type=\"column\">\n\t\t\t<div class=\"elementor-widget-wrap elementor-element-populated\">\n\t\t\t\t\t\t<div class=\"elementor-element elementor-element-9e4d53f elementor-widget elementor-widget-hub_fancy_heading\" data-id=\"9e4d53f\" data-element_type=\"widget\" data-widget_type=\"hub_fancy_heading.default\">\n\t\t\t\t<div class=\"elementor-widget-container\">\n\t\t\t\n\t\t<div id=\"ld-fancy-heading-69e88de141e31\" class=\"ld-fancy-heading pos-rel\">\n\t\t\t<h1 class=\"ld-fh-element d-inline-block pos-rel  elementor-heading-title lqd-highlight-classic lqd-highlight-grow-left h1\"  > TRABAJA CON NOSOTROS<\/h1>\t\t<\/div>\n\n\t\t\t\t<\/div>\n\t\t\t\t<\/div>\n\t\t\t\t<div class=\"elementor-element elementor-element-889bf30 elementor-widget elementor-widget-hub_fancy_heading\" data-id=\"889bf30\" data-element_type=\"widget\" data-widget_type=\"hub_fancy_heading.default\">\n\t\t\t\t<div class=\"elementor-widget-container\">\n\t\t\t\n\t\t<div id=\"ld-fancy-heading-69e88de142858\" class=\"ld-fancy-heading pos-rel\">\n\t\t\t<p class=\"ld-fh-element d-inline-block pos-rel  lqd-highlight-classic lqd-highlight-grow-left p\"  > \u00a1Creemos en el potencial de las personas!<\/p>\t\t<\/div>\n\n\t\t\t\t<\/div>\n\t\t\t\t<\/div>\n\t\t\t\t<div class=\"elementor-element elementor-element-e42acec elementor-widget elementor-widget-ld_button\" data-id=\"e42acec\" data-element_type=\"widget\" data-widget_type=\"ld_button.default\">\n\t\t\t\t<div class=\"elementor-widget-container\">\n\t\t\t\n\t\t\t<a\n\t\t\t\tclass=\"elementor-button btn btn-naked btn-icon-block btn-no-label\" data-localscroll=\"1\" data-localscroll-options=\"{&quot;scrollBelowSection&quot;:true}\" href=\"#\"\t\t\t>\n\t\t\t\t\t\t\t\t\t\t\t\t\t\t<span class=\"btn-icon\">\n\t\t\t\t\t\t\t<i aria-hidden=\"true\" class=\"lqd-icn-ess icon-ion-ios-arrow-down\"><\/i>\t\t\t\t\t\t<\/span>\n\t\t\t\t\t\t\t\t\t<\/a>\n\t\t\t\t\t<\/div>\n\t\t\t\t<\/div>\n\t\t\t\t\t<\/div>\n\t\t<\/div>\n\t\t\t\t\t<\/div>\n\t\t<\/section>\n\t\t\t\t\t<\/div>\n\t\t<\/div>\n\t\t\t\t\t<\/div>\n\t\t<\/section>\n\t\t\t\t<section class=\"elementor-section elementor-top-section elementor-element elementor-element-38659210 elementor-section-boxed elementor-section-height-default elementor-section-height-default\" data-id=\"38659210\" data-element_type=\"section\">\n\t\t\t\t\t\t<div class=\"elementor-container elementor-column-gap-default\">\n\t\t\t\t\t<div class=\"elementor-column elementor-col-50 elementor-top-column elementor-element elementor-element-741a7810\" data-id=\"741a7810\" data-element_type=\"column\">\n\t\t\t<div class=\"elementor-widget-wrap elementor-element-populated\">\n\t\t\t\t\t\t<div class=\"elementor-element elementor-element-8f0e66f elementor-widget__width-initial elementor-widget elementor-widget-text-editor\" data-id=\"8f0e66f\" data-element_type=\"widget\" data-widget_type=\"text-editor.default\">\n\t\t\t\t<div class=\"elementor-widget-container\">\n\t\t\t<style>\/*! elementor - v3.21.0 - 26-05-2024 *\/\n.elementor-widget-text-editor.elementor-drop-cap-view-stacked .elementor-drop-cap{background-color:#69727d;color:#fff}.elementor-widget-text-editor.elementor-drop-cap-view-framed .elementor-drop-cap{color:#69727d;border:3px solid;background-color:transparent}.elementor-widget-text-editor:not(.elementor-drop-cap-view-default) .elementor-drop-cap{margin-top:8px}.elementor-widget-text-editor:not(.elementor-drop-cap-view-default) .elementor-drop-cap-letter{width:1em;height:1em}.elementor-widget-text-editor .elementor-drop-cap{float:left;text-align:center;line-height:1;font-size:50px}.elementor-widget-text-editor .elementor-drop-cap-letter{display:inline-block}<\/style>\t\t\t\t<p>BBL Engenharia es una empresa del Grupo Miya, un operador de agua l\u00edder a nivel mundial impulsado por la eficiencia, con amplia experiencia y una oferta completa de servicios de agua, incluida la eficiencia h\u00eddrica, la gesti\u00f3n comercial y el tratamiento del agua. En Brasil operamos en las principales concesiones de agua y alcantarillado: somos reconocidos por nuestra eficiencia, innovaci\u00f3n y compromiso con las obras en las que participamos.<\/p><p>Creemos que cada individuo debe sentirse realizado, tener oportunidades de realizar su propio potencial e involucrarse activamente con la organizaci\u00f3n, su misi\u00f3n, valores y forma de hacer negocios.<\/p>\t\t\t\t\t\t<\/div>\n\t\t\t\t<\/div>\n\t\t\t\t<div class=\"elementor-element elementor-element-10ec1cf elementor-widget__width-initial elementor-widget elementor-widget-text-editor\" data-id=\"10ec1cf\" data-element_type=\"widget\" data-widget_type=\"text-editor.default\">\n\t\t\t\t<div class=\"elementor-widget-container\">\n\t\t\t\t\t\t\t<p>Somos un grupo de soluciones globales de ingenier\u00eda y unos valores que compartimos con MIYA y la sociedad en general:<\/p>\t\t\t\t\t\t<\/div>\n\t\t\t\t<\/div>\n\t\t\t\t<div class=\"elementor-element elementor-element-93c0a4c elementor-icon-list--layout-traditional elementor-list-item-link-full_width elementor-widget elementor-widget-icon-list\" data-id=\"93c0a4c\" data-element_type=\"widget\" data-widget_type=\"icon-list.default\">\n\t\t\t\t<div class=\"elementor-widget-container\">\n\t\t\t<link rel=\"stylesheet\" href=\"https:\/\/bbleng.com.br\/wp-content\/uploads\/elementor\/css\/custom-widget-icon-list.min.css?ver=1764025657\">\t\t<ul class=\"elementor-icon-list-items\">\n\t\t\t\t\t\t\t<li class=\"elementor-icon-list-item\">\n\t\t\t\t\t\t\t\t\t\t\t<span class=\"elementor-icon-list-icon\">\n\t\t\t\t\t\t\t<i aria-hidden=\"true\" class=\"fas fa-street-view\"><\/i>\t\t\t\t\t\t<\/span>\n\t\t\t\t\t\t\t\t\t\t<span class=\"elementor-icon-list-text\">Liderazgo<\/span>\n\t\t\t\t\t\t\t\t\t<\/li>\n\t\t\t\t\t\t\t\t<li class=\"elementor-icon-list-item\">\n\t\t\t\t\t\t\t\t\t\t\t<span class=\"elementor-icon-list-icon\">\n\t\t\t\t\t\t\t<i aria-hidden=\"true\" class=\"fas fa-handshake\"><\/i>\t\t\t\t\t\t<\/span>\n\t\t\t\t\t\t\t\t\t\t<span class=\"elementor-icon-list-text\">Integridad y Fiabilidad<\/span>\n\t\t\t\t\t\t\t\t\t<\/li>\n\t\t\t\t\t\t\t\t<li class=\"elementor-icon-list-item\">\n\t\t\t\t\t\t\t\t\t\t\t<span class=\"elementor-icon-list-icon\">\n\t\t\t\t\t\t\t<i aria-hidden=\"true\" class=\"fas fa-award\"><\/i>\t\t\t\t\t\t<\/span>\n\t\t\t\t\t\t\t\t\t\t<span class=\"elementor-icon-list-text\">Excelencia<\/span>\n\t\t\t\t\t\t\t\t\t<\/li>\n\t\t\t\t\t\t\t\t<li class=\"elementor-icon-list-item\">\n\t\t\t\t\t\t\t\t\t\t\t<span class=\"elementor-icon-list-icon\">\n\t\t\t\t\t\t\t<i aria-hidden=\"true\" class=\"far fa-star\"><\/i>\t\t\t\t\t\t<\/span>\n\t\t\t\t\t\t\t\t\t\t<span class=\"elementor-icon-list-text\">la Innovaci\u00f3n<\/span>\n\t\t\t\t\t\t\t\t\t<\/li>\n\t\t\t\t\t\t\t\t<li class=\"elementor-icon-list-item\">\n\t\t\t\t\t\t\t\t\t\t\t<span class=\"elementor-icon-list-icon\">\n\t\t\t\t\t\t\t<i aria-hidden=\"true\" class=\"fas fa-recycle\"><\/i>\t\t\t\t\t\t<\/span>\n\t\t\t\t\t\t\t\t\t\t<span class=\"elementor-icon-list-text\">Ecoeficiencia<\/span>\n\t\t\t\t\t\t\t\t\t<\/li>\n\t\t\t\t\t\t<\/ul>\n\t\t\t\t<\/div>\n\t\t\t\t<\/div>\n\t\t\t\t\t<\/div>\n\t\t<\/div>\n\t\t\t\t<div class=\"elementor-column elementor-col-50 elementor-top-column elementor-element elementor-element-1e351e4b\" data-id=\"1e351e4b\" data-element_type=\"column\">\n\t\t\t<div class=\"elementor-widget-wrap elementor-element-populated\">\n\t\t\t\t\t\t<div class=\"elementor-element elementor-element-7cc99c32 elementor-widget elementor-widget-image\" data-id=\"7cc99c32\" data-element_type=\"widget\" data-widget_type=\"image.default\">\n\t\t\t\t<div class=\"elementor-widget-container\">\n\t\t\t<style>\/*! elementor - v3.21.0 - 26-05-2024 *\/\n.elementor-widget-image{text-align:center}.elementor-widget-image a{display:inline-block}.elementor-widget-image a img[src$=\".svg\"]{width:48px}.elementor-widget-image img{vertical-align:middle;display:inline-block}<\/style>\t\t\t\t\t\t\t\t\t\t<img fetchpriority=\"high\" decoding=\"async\" width=\"600\" height=\"555\" src=\"https:\/\/bbleng.com.br\/wp-content\/uploads\/2023\/12\/BBL.jpg\" class=\"attachment-full size-full wp-image-1153\" alt=\"\" srcset=\"https:\/\/bbleng.com.br\/wp-content\/uploads\/2023\/12\/BBL.jpg 600w, https:\/\/bbleng.com.br\/wp-content\/uploads\/2023\/12\/BBL-300x278.jpg 300w, https:\/\/bbleng.com.br\/wp-content\/uploads\/2023\/12\/BBL-200x185.jpg 200w, https:\/\/bbleng.com.br\/wp-content\/uploads\/2023\/12\/BBL-13x12.jpg 13w\" sizes=\"(max-width: 600px) 100vw, 600px\" \/>\t\t\t\t\t\t\t\t\t\t\t\t\t<\/div>\n\t\t\t\t<\/div>\n\t\t\t\t\t<\/div>\n\t\t<\/div>\n\t\t\t\t\t<\/div>\n\t\t<\/section>\n\t\t\t\t<section class=\"elementor-section elementor-top-section elementor-element elementor-element-a27094d elementor-section-boxed elementor-section-height-default elementor-section-height-default\" data-id=\"a27094d\" data-element_type=\"section\" data-settings=\"{&quot;background_background&quot;:&quot;classic&quot;}\">\n\t\t\t\t\t\t<div class=\"elementor-container elementor-column-gap-wider\">\n\t\t\t\t\t<div class=\"elementor-column elementor-col-100 elementor-top-column elementor-element elementor-element-71556ee\" data-id=\"71556ee\" data-element_type=\"column\">\n\t\t\t<div class=\"elementor-widget-wrap elementor-element-populated\">\n\t\t\t\t\t\t<div class=\"elementor-element elementor-element-5f8046c0 elementor-widget__width-initial elementor-widget elementor-widget-text-editor\" data-id=\"5f8046c0\" data-element_type=\"widget\" data-widget_type=\"text-editor.default\">\n\t\t\t\t<div class=\"elementor-widget-container\">\n\t\t\t\t\t\t\t<p>Si te identificas con nuestros valores y nuestro compromiso con la excelencia, env\u00eda tu curr\u00edculum. \u00a1Ven a ser parte de nuestro equipo y mejora todo tu potencial con nosotros!<\/p><p>\n<div class=\"wpcf7 no-js\" id=\"wpcf7-f1166-o1\" lang=\"pt-BR\" dir=\"ltr\">\n<div class=\"screen-reader-response\"><p role=\"status\" aria-live=\"polite\" aria-atomic=\"true\"><\/p> <ul><\/ul><\/div>\n<form action=\"\/es\/wp-json\/wp\/v2\/pages\/1147#wpcf7-f1166-o1\" method=\"post\" class=\"wpcf7-form init\" aria-label=\"Formul\u00e1rios de contato\" enctype=\"multipart\/form-data\" novalidate=\"novalidate\" data-status=\"init\" data-trp-original-action=\"\/es\/wp-json\/wp\/v2\/pages\/1147#wpcf7-f1166-o1\">\n<div style=\"display: none;\">\n<input type=\"hidden\" name=\"_wpcf7\" value=\"1166\" \/>\n<input type=\"hidden\" name=\"_wpcf7_version\" value=\"5.9.5\" \/>\n<input type=\"hidden\" name=\"_wpcf7_locale\" value=\"pt_BR\" \/>\n<input type=\"hidden\" name=\"_wpcf7_unit_tag\" value=\"wpcf7-f1166-o1\" \/>\n<input type=\"hidden\" name=\"_wpcf7_container_post\" value=\"0\" \/>\n<input type=\"hidden\" name=\"_wpcf7_posted_data_hash\" value=\"\" \/>\n<\/div>\n<p><label><span class=\"wpcf7-form-control-wrap\" data-name=\"Nome\"><input size=\"40\" class=\"wpcf7-form-control wpcf7-text wpcf7-validates-as-required\" aria-required=\"true\" aria-invalid=\"false\" placeholder=\"Nombre\" value=\"\" type=\"text\" name=\"Nome\" \/><\/span><\/label>\n<\/p>\n<p><label><span class=\"wpcf7-form-control-wrap\" data-name=\"Email\"><input size=\"40\" class=\"wpcf7-form-control wpcf7-email wpcf7-validates-as-required wpcf7-text wpcf7-validates-as-email\" aria-required=\"true\" aria-invalid=\"false\" placeholder=\"Correo electr\u00f3nico\" value=\"\" type=\"email\" name=\"Email\" \/><\/span><\/label>\n<\/p>\n<p><label><span class=\"wpcf7-form-control-wrap\" data-name=\"Telefone\"><input size=\"40\" class=\"wpcf7-form-control wpcf7-text\" aria-invalid=\"false\" placeholder=\"Tel\u00e9fono\" value=\"\" type=\"text\" name=\"Telefone\" \/><\/span><\/label>\n<\/p>\n<p>Env\u00eda tu CV\n<\/p>\n<p><label><span class=\"wpcf7-form-control-wrap\" data-name=\"file-588\"><input size=\"40\" class=\"wpcf7-form-control wpcf7-file\" accept=\".pdf\" aria-invalid=\"false\" type=\"file\" name=\"file-588\" \/><\/span><\/label>\n<\/p>\n<p><input class=\"wpcf7-form-control wpcf7-submit has-spinner\" type=\"submit\" value=\"Enviar\" \/>\n<\/p><div class=\"wpcf7-response-output\" aria-hidden=\"true\"><\/div>\n<input type=\"hidden\" name=\"trp-form-language\" value=\"es\"\/><\/form>\n<\/div>\n<\/p>\t\t\t\t\t\t<\/div>\n\t\t\t\t<\/div>\n\t\t\t\t\t<\/div>\n\t\t<\/div>\n\t\t\t\t\t<\/div>\n\t\t<\/section>\n\t\t<div class=\"elementor-element elementor-element-c4a25b7 e-flex e-con-boxed e-con e-parent\" data-id=\"c4a25b7\" data-element_type=\"container\">\n\t\t\t\t\t<div class=\"e-con-inner\">\n\t\t\t\t\t<\/div>\n\t\t\t\t<\/div>\n\t\t\t\t<\/div>","protected":false},"excerpt":{"rendered":"<p>TRABALHE CONOSCO Acreditamos no potencial das pessoas! A BBL Engenharia \u00e9 uma das empresas que comp\u00f5em o Grupo MIYA, que \u00e9 uma operadora de \u00e1gua l\u00edder mundial orientada para a efici\u00eancia, com vasta experi\u00eancia e uma oferta completa para servi\u00e7os de \u00e1gua, incluindo efici\u00eancia de \u00e1gua, gest\u00e3o comercial e tratamento de \u00e1gua. No Brasil, operamos [&hellip;]<\/p>","protected":false},"author":1,"featured_media":0,"parent":0,"menu_order":0,"comment_status":"closed","ping_status":"closed","template":"","meta":{"footnotes":""},"class_list":["post-1147","page","type-page","status-publish","hentry"],"yoast_head":"<!-- This site is optimized with the Yoast SEO plugin v22.8 - https:\/\/yoast.com\/wordpress\/plugins\/seo\/ -->\n<title>Trabalhe Conosco - BBL Engenharia<\/title>\n<meta name=\"robots\" content=\"index, follow, max-snippet:-1, max-image-preview:large, max-video-preview:-1\" \/>\n<link rel=\"canonical\" href=\"https:\/\/bbleng.com.br\/es\/trabalhe-conosco\/\" \/>\n<meta property=\"og:locale\" content=\"es_ES\" \/>\n<meta property=\"og:type\" content=\"article\" \/>\n<meta property=\"og:title\" content=\"Trabalhe Conosco - BBL Engenharia\" \/>\n<meta property=\"og:description\" content=\"TRABALHE CONOSCO Acreditamos no potencial das pessoas! A BBL Engenharia \u00e9 uma das empresas que comp\u00f5em o Grupo MIYA, que \u00e9 uma operadora de \u00e1gua l\u00edder mundial orientada para a efici\u00eancia, com vasta experi\u00eancia e uma oferta completa para servi\u00e7os de \u00e1gua, incluindo efici\u00eancia de \u00e1gua, gest\u00e3o comercial e tratamento de \u00e1gua. No Brasil, operamos [&hellip;]\" \/>\n<meta property=\"og:url\" content=\"https:\/\/bbleng.com.br\/es\/trabalhe-conosco\/\" \/>\n<meta property=\"og:site_name\" content=\"BBL Engenharia\" \/>\n<meta property=\"article:modified_time\" content=\"2024-03-12T17:28:16+00:00\" \/>\n<meta property=\"og:image\" content=\"https:\/\/bbleng.com.br\/wp-content\/uploads\/2023\/12\/BBL.jpg\" \/>\n<meta name=\"twitter:card\" content=\"summary_large_image\" \/>\n<meta name=\"twitter:label1\" content=\"Tiempo de lectura\" \/>\n\t<meta name=\"twitter:data1\" content=\"1 minuto\" \/>\n<script type=\"application\/ld+json\" class=\"yoast-schema-graph\">{\"@context\":\"https:\/\/schema.org\",\"@graph\":[{\"@type\":\"WebPage\",\"@id\":\"https:\/\/bbleng.com.br\/en\/trabalhe-conosco\/\",\"url\":\"https:\/\/bbleng.com.br\/en\/trabalhe-conosco\/\",\"name\":\"Trabalhe Conosco - BBL Engenharia\",\"isPartOf\":{\"@id\":\"https:\/\/bbleng.com.br\/#website\"},\"primaryImageOfPage\":{\"@id\":\"https:\/\/bbleng.com.br\/en\/trabalhe-conosco\/#primaryimage\"},\"image\":{\"@id\":\"https:\/\/bbleng.com.br\/en\/trabalhe-conosco\/#primaryimage\"},\"thumbnailUrl\":\"https:\/\/bbleng.com.br\/wp-content\/uploads\/2023\/12\/BBL.jpg\",\"datePublished\":\"2023-12-06T00:46:40+00:00\",\"dateModified\":\"2024-03-12T17:28:16+00:00\",\"breadcrumb\":{\"@id\":\"https:\/\/bbleng.com.br\/en\/trabalhe-conosco\/#breadcrumb\"},\"inLanguage\":\"es\",\"potentialAction\":[{\"@type\":\"ReadAction\",\"target\":[\"https:\/\/bbleng.com.br\/en\/trabalhe-conosco\/\"]}]},{\"@type\":\"ImageObject\",\"inLanguage\":\"es\",\"@id\":\"https:\/\/bbleng.com.br\/en\/trabalhe-conosco\/#primaryimage\",\"url\":\"https:\/\/bbleng.com.br\/wp-content\/uploads\/2023\/12\/BBL.jpg\",\"contentUrl\":\"https:\/\/bbleng.com.br\/wp-content\/uploads\/2023\/12\/BBL.jpg\"},{\"@type\":\"BreadcrumbList\",\"@id\":\"https:\/\/bbleng.com.br\/en\/trabalhe-conosco\/#breadcrumb\",\"itemListElement\":[{\"@type\":\"ListItem\",\"position\":1,\"name\":\"In\u00edcio\",\"item\":\"https:\/\/bbleng.com.br\/\"},{\"@type\":\"ListItem\",\"position\":2,\"name\":\"Trabalhe Conosco\"}]},{\"@type\":\"WebSite\",\"@id\":\"https:\/\/bbleng.com.br\/#website\",\"url\":\"https:\/\/bbleng.com.br\/\",\"name\":\"BBL Engenharia\",\"description\":\"Otimiza\u00e7\u00e3o Operacional de Sistemas de Abastecimento de \u00c1gua e de Coleta de Esgosto!\",\"publisher\":{\"@id\":\"https:\/\/bbleng.com.br\/#organization\"},\"potentialAction\":[{\"@type\":\"SearchAction\",\"target\":{\"@type\":\"EntryPoint\",\"urlTemplate\":\"https:\/\/bbleng.com.br\/?s={search_term_string}\"},\"query-input\":\"required name=search_term_string\"}],\"inLanguage\":\"es\"},{\"@type\":\"Organization\",\"@id\":\"https:\/\/bbleng.com.br\/#organization\",\"name\":\"BBL Engenharia\",\"url\":\"https:\/\/bbleng.com.br\/\",\"logo\":{\"@type\":\"ImageObject\",\"inLanguage\":\"es\",\"@id\":\"https:\/\/bbleng.com.br\/#\/schema\/logo\/image\/\",\"url\":\"https:\/\/bbleng.com.br\/wp-content\/uploads\/2021\/07\/Logo-BBL-3.png\",\"contentUrl\":\"https:\/\/bbleng.com.br\/wp-content\/uploads\/2021\/07\/Logo-BBL-3.png\",\"width\":201,\"height\":214,\"caption\":\"BBL Engenharia\"},\"image\":{\"@id\":\"https:\/\/bbleng.com.br\/#\/schema\/logo\/image\/\"},\"sameAs\":[\"https:\/\/www.linkedin.com\/company\/bblengenharia\"]}]}<\/script>\n<!-- \/ Yoast SEO plugin. -->","yoast_head_json":{"title":"Trabalhe Conosco - BBL Engenharia","robots":{"index":"index","follow":"follow","max-snippet":"max-snippet:-1","max-image-preview":"max-image-preview:large","max-video-preview":"max-video-preview:-1"},"canonical":"https:\/\/bbleng.com.br\/es\/trabalhe-conosco\/","og_locale":"es_ES","og_type":"article","og_title":"Trabalhe Conosco - BBL Engenharia","og_description":"TRABALHE CONOSCO Acreditamos no potencial das pessoas! A BBL Engenharia \u00e9 uma das empresas que comp\u00f5em o Grupo MIYA, que \u00e9 uma operadora de \u00e1gua l\u00edder mundial orientada para a efici\u00eancia, com vasta experi\u00eancia e uma oferta completa para servi\u00e7os de \u00e1gua, incluindo efici\u00eancia de \u00e1gua, gest\u00e3o comercial e tratamento de \u00e1gua. No Brasil, operamos [&hellip;]","og_url":"https:\/\/bbleng.com.br\/es\/trabalhe-conosco\/","og_site_name":"BBL Engenharia","article_modified_time":"2024-03-12T17:28:16+00:00","og_image":[{"url":"https:\/\/bbleng.com.br\/wp-content\/uploads\/2023\/12\/BBL.jpg"}],"twitter_card":"summary_large_image","twitter_misc":{"Tiempo de lectura":"1 minuto"},"schema":{"@context":"https:\/\/schema.org","@graph":[{"@type":"WebPage","@id":"https:\/\/bbleng.com.br\/en\/trabalhe-conosco\/","url":"https:\/\/bbleng.com.br\/en\/trabalhe-conosco\/","name":"Trabalhe Conosco - BBL Engenharia","isPartOf":{"@id":"https:\/\/bbleng.com.br\/#website"},"primaryImageOfPage":{"@id":"https:\/\/bbleng.com.br\/en\/trabalhe-conosco\/#primaryimage"},"image":{"@id":"https:\/\/bbleng.com.br\/en\/trabalhe-conosco\/#primaryimage"},"thumbnailUrl":"https:\/\/bbleng.com.br\/wp-content\/uploads\/2023\/12\/BBL.jpg","datePublished":"2023-12-06T00:46:40+00:00","dateModified":"2024-03-12T17:28:16+00:00","breadcrumb":{"@id":"https:\/\/bbleng.com.br\/en\/trabalhe-conosco\/#breadcrumb"},"inLanguage":"es","potentialAction":[{"@type":"ReadAction","target":["https:\/\/bbleng.com.br\/en\/trabalhe-conosco\/"]}]},{"@type":"ImageObject","inLanguage":"es","@id":"https:\/\/bbleng.com.br\/en\/trabalhe-conosco\/#primaryimage","url":"https:\/\/bbleng.com.br\/wp-content\/uploads\/2023\/12\/BBL.jpg","contentUrl":"https:\/\/bbleng.com.br\/wp-content\/uploads\/2023\/12\/BBL.jpg"},{"@type":"BreadcrumbList","@id":"https:\/\/bbleng.com.br\/en\/trabalhe-conosco\/#breadcrumb","itemListElement":[{"@type":"ListItem","position":1,"name":"In\u00edcio","item":"https:\/\/bbleng.com.br\/"},{"@type":"ListItem","position":2,"name":"Trabalhe Conosco"}]},{"@type":"WebSite","@id":"https:\/\/bbleng.com.br\/#website","url":"https:\/\/bbleng.com.br\/","name":"BBL Engenharia","description":"Otimiza\u00e7\u00e3o Operacional de Sistemas de Abastecimento de \u00c1gua e de Coleta de Esgosto!","publisher":{"@id":"https:\/\/bbleng.com.br\/#organization"},"potentialAction":[{"@type":"SearchAction","target":{"@type":"EntryPoint","urlTemplate":"https:\/\/bbleng.com.br\/?s={search_term_string}"},"query-input":"required name=search_term_string"}],"inLanguage":"es"},{"@type":"Organization","@id":"https:\/\/bbleng.com.br\/#organization","name":"BBL Engenharia","url":"https:\/\/bbleng.com.br\/","logo":{"@type":"ImageObject","inLanguage":"es","@id":"https:\/\/bbleng.com.br\/#\/schema\/logo\/image\/","url":"https:\/\/bbleng.com.br\/wp-content\/uploads\/2021\/07\/Logo-BBL-3.png","contentUrl":"https:\/\/bbleng.com.br\/wp-content\/uploads\/2021\/07\/Logo-BBL-3.png","width":201,"height":214,"caption":"BBL Engenharia"},"image":{"@id":"https:\/\/bbleng.com.br\/#\/schema\/logo\/image\/"},"sameAs":["https:\/\/www.linkedin.com\/company\/bblengenharia"]}]}},"_links":{"self":[{"href":"https:\/\/bbleng.com.br\/es\/wp-json\/wp\/v2\/pages\/1147","targetHints":{"allow":["GET"]}}],"collection":[{"href":"https:\/\/bbleng.com.br\/es\/wp-json\/wp\/v2\/pages"}],"about":[{"href":"https:\/\/bbleng.com.br\/es\/wp-json\/wp\/v2\/types\/page"}],"author":[{"embeddable":true,"href":"https:\/\/bbleng.com.br\/es\/wp-json\/wp\/v2\/users\/1"}],"replies":[{"embeddable":true,"href":"https:\/\/bbleng.com.br\/es\/wp-json\/wp\/v2\/comments?post=1147"}],"version-history":[{"count":25,"href":"https:\/\/bbleng.com.br\/es\/wp-json\/wp\/v2\/pages\/1147\/revisions"}],"predecessor-version":[{"id":1559,"href":"https:\/\/bbleng.com.br\/es\/wp-json\/wp\/v2\/pages\/1147\/revisions\/1559"}],"wp:attachment":[{"href":"https:\/\/bbleng.com.br\/es\/wp-json\/wp\/v2\/media?parent=1147"}],"curies":[{"name":"wp","href":"https:\/\/api.w.org\/{rel}","templated":true}]}}