{"id":1076,"date":"2023-12-03T21:01:42","date_gmt":"2023-12-04T00:01:42","guid":{"rendered":"https:\/\/bbl.manacacomunicacao.com.br\/?page_id=1076"},"modified":"2024-01-27T13:34:28","modified_gmt":"2024-01-27T16:34:28","slug":"consultoria-e-gerenciamento","status":"publish","type":"page","link":"https:\/\/bbleng.com.br\/es\/consultoria-e-gerenciamento\/","title":{"rendered":"Consultor\u00eda y Gesti\u00f3n"},"content":{"rendered":"<div data-elementor-type=\"wp-page\" data-elementor-id=\"1076\" class=\"elementor elementor-1076\">\n\t\t\t\t\t\t<section class=\"elementor-section elementor-top-section elementor-element elementor-element-5fb7010 elementor-section-boxed elementor-section-height-default elementor-section-height-default\" data-id=\"5fb7010\" data-element_type=\"section\" data-settings=\"{&quot;background_background&quot;:&quot;gradient&quot;,&quot;shape_divider_bottom&quot;:&quot;lqd-custom-shape-12&quot;}\">\n\t\t\t\t\t<div class=\"elementor-shape elementor-shape-bottom\" data-negative=\"false\">\n\t\t\t<svg class=\"lqd-custom-shape\" xmlns=\"http:\/\/www.w3.org\/2000\/svg\" preserveaspectratio=\"none\"  viewbox=\"0 0 1440 150\">\n    <path class=\"elementor-shape-fill\" d=\"M 0 26.1978 C 275.76 83.8152 430.707 65.0509 716.279 25.6386 C 930.422 -3.86123 1210.32 -3.98357 1439 9.18045 C 2072.34 45.9691 2201.93 62.4429 2560 26.198 V 172.199 L 0 172.199 V 26.1978 Z\">\n        <animate repeatcount=\"indefinite\" fill=\"freeze\" attributename=\"d\" dur=\"10s\" values=\"M0 25.9086C277 84.5821 433 65.736 720 25.9086C934.818 -3.9019 1214.06 -5.23669 1442 8.06597C2079 45.2421 2208 63.5007 2560 25.9088V171.91L0 171.91V25.9086Z; M0 86.3149C316 86.315 444 159.155 884 51.1554C1324 -56.8446 1320.29 34.1214 1538 70.4063C1814 116.407 2156 188.408 2560 86.315V232.317L0 232.316V86.3149Z; M0 53.6584C158 11.0001 213 0 363 0C513 0 855.555 115.001 1154 115.001C1440 115.001 1626 -38.0004 2560 53.6585V199.66L0 199.66V53.6584Z; M0 25.9086C277 84.5821 433 65.736 720 25.9086C934.818 -3.9019 1214.06 -5.23669 1442 8.06597C2079 45.2421 2208 63.5007 2560 25.9088V171.91L0 171.91V25.9086Z\">\n        <\/animate>\n    <\/path>\n<\/svg>\t\t<\/div>\n\t\t\t\t\t<div class=\"elementor-container elementor-column-gap-default\">\n\t\t\t\t\t<div class=\"elementor-column elementor-col-100 elementor-top-column elementor-element elementor-element-ba3b91d\" data-id=\"ba3b91d\" data-element_type=\"column\">\n\t\t\t<div class=\"elementor-widget-wrap elementor-element-populated\">\n\t\t\t\t\t\t<section class=\"elementor-section elementor-inner-section elementor-element elementor-element-de4b000 elementor-section-boxed elementor-section-height-default elementor-section-height-default\" data-id=\"de4b000\" data-element_type=\"section\">\n\t\t\t\t\t\t<div class=\"elementor-container elementor-column-gap-default\">\n\t\t\t\t\t<div class=\"elementor-column elementor-col-100 elementor-inner-column elementor-element elementor-element-7458fab\" data-id=\"7458fab\" data-element_type=\"column\">\n\t\t\t<div class=\"elementor-widget-wrap elementor-element-populated\">\n\t\t\t\t\t\t<div class=\"elementor-element elementor-element-9e4d53f elementor-widget__width-initial elementor-widget elementor-widget-hub_fancy_heading\" data-id=\"9e4d53f\" data-element_type=\"widget\" data-widget_type=\"hub_fancy_heading.default\">\n\t\t\t\t<div class=\"elementor-widget-container\">\n\t\t\t\n\t\t<div id=\"ld-fancy-heading-69e5a3e53ccd2\" class=\"ld-fancy-heading pos-rel\">\n\t\t\t<h1 class=\"ld-fh-element d-inline-block pos-rel  elementor-heading-title lqd-highlight-classic lqd-highlight-grow-left h1\"  > Consultor\u00eda y Gesti\u00f3n<\/h1>\t\t<\/div>\n\n\t\t\t\t<\/div>\n\t\t\t\t<\/div>\n\t\t\t\t<div class=\"elementor-element elementor-element-889bf30 elementor-widget elementor-widget-hub_fancy_heading\" data-id=\"889bf30\" data-element_type=\"widget\" data-widget_type=\"hub_fancy_heading.default\">\n\t\t\t\t<div class=\"elementor-widget-container\">\n\t\t\t\n\t\t<div id=\"ld-fancy-heading-69e5a3e53d95b\" class=\"ld-fancy-heading pos-rel\">\n\t\t\t<p class=\"ld-fh-element d-inline-block pos-rel  lqd-highlight-classic lqd-highlight-grow-left p\"  > Servicios Integrales de Ingenier\u00eda<\/p>\t\t<\/div>\n\n\t\t\t\t<\/div>\n\t\t\t\t<\/div>\n\t\t\t\t<div class=\"elementor-element elementor-element-e42acec elementor-widget elementor-widget-ld_button\" data-id=\"e42acec\" data-element_type=\"widget\" data-widget_type=\"ld_button.default\">\n\t\t\t\t<div class=\"elementor-widget-container\">\n\t\t\t\n\t\t\t<a\n\t\t\t\tclass=\"elementor-button btn btn-naked btn-icon-block btn-no-label\" data-localscroll=\"1\" data-localscroll-options=\"{&quot;scrollBelowSection&quot;:true}\" href=\"#\"\t\t\t>\n\t\t\t\t\t\t\t\t\t\t\t\t\t\t<span class=\"btn-icon\">\n\t\t\t\t\t\t\t<i aria-hidden=\"true\" class=\"lqd-icn-ess icon-ion-ios-arrow-down\"><\/i>\t\t\t\t\t\t<\/span>\n\t\t\t\t\t\t\t\t\t<\/a>\n\t\t\t\t\t<\/div>\n\t\t\t\t<\/div>\n\t\t\t\t\t<\/div>\n\t\t<\/div>\n\t\t\t\t\t<\/div>\n\t\t<\/section>\n\t\t\t\t\t<\/div>\n\t\t<\/div>\n\t\t\t\t\t<\/div>\n\t\t<\/section>\n\t\t\t\t<section class=\"elementor-section elementor-inner-section elementor-element elementor-element-38a3e43f elementor-section-boxed elementor-section-height-default elementor-section-height-default\" data-id=\"38a3e43f\" data-element_type=\"section\">\n\t\t\t\t\t\t<div class=\"elementor-container elementor-column-gap-default\">\n\t\t\t\t\t<div data-custom-animations=\"true\" data-ca-options=\"{&quot;addChildTimelines&quot;:false,&quot;animationTarget&quot;:&quot;:scope &gt; .elementor-widget-wrap &gt; .elementor-element &gt; .elementor-widget-container, :scope &gt; .elementor-widget-wrap &gt; .elementor-section &gt; .elementor-container &gt; .elementor-column &gt; .elementor-widget-wrap &gt; .elementor-element:not(.lqd-el-has-inner-anim) &gt; .elementor-widget-container, :scope &gt; .elementor-widget-wrap &gt; .elementor-widget-hub_fancy_heading .lqd-split-lines .lqd-lines .split-inner, :scope &gt; .elementor-widget-wrap &gt; .elementor-widget-hub_fancy_heading .lqd-split-words .lqd-words .split-inner, :scope &gt; .elementor-widget-wrap &gt; .elementor-widget-hub_fancy_heading .lqd-split-chars .lqd-chars .split-inner, :scope &gt; .elementor-widget-wrap &gt; .elementor-widget-ld_custom_menu .lqd-fancy-menu &gt; ul &gt; li&quot;,&quot;ease&quot;:[&quot;power4.out&quot;],&quot;initValues&quot;:{&quot;y&quot;:&quot;60px&quot;,&quot;opacity&quot;:0},&quot;animations&quot;:{&quot;y&quot;:&quot;0px&quot;,&quot;opacity&quot;:1}}\" class=\"elementor-column elementor-col-50 elementor-inner-column elementor-element elementor-element-101264db\" data-id=\"101264db\" data-element_type=\"column\">\n\t\t\t<div class=\"elementor-widget-wrap elementor-element-populated\">\n\t\t\t\t\t\t<div class=\"elementor-element elementor-element-62e6efd3 elementor-widget elementor-widget-hub_fancy_heading\" data-id=\"62e6efd3\" data-element_type=\"widget\" data-widget_type=\"hub_fancy_heading.default\">\n\t\t\t\t<div class=\"elementor-widget-container\">\n\t\t\t\n\t\t<div id=\"ld-fancy-heading-69e5a3e54194d\" class=\"ld-fancy-heading pos-rel\">\n\t\t\t<h3 class=\"ld-fh-element d-inline-block pos-rel  elementor-heading-title lqd-highlight-classic lqd-highlight-grow-left h3\"  > Servicios de Consultor\u00eda y Gesti\u00f3n<\/h3>\t\t<\/div>\n\n\t\t\t\t<\/div>\n\t\t\t\t<\/div>\n\t\t\t\t<div class=\"elementor-element elementor-element-82cf539 elementor-align-left elementor-icon-list--layout-traditional elementor-list-item-link-full_width elementor-widget elementor-widget-icon-list\" data-id=\"82cf539\" data-element_type=\"widget\" data-widget_type=\"icon-list.default\">\n\t\t\t\t<div class=\"elementor-widget-container\">\n\t\t\t<link rel=\"stylesheet\" href=\"https:\/\/bbleng.com.br\/wp-content\/uploads\/elementor\/css\/custom-widget-icon-list.min.css?ver=1764025657\">\t\t<ul class=\"elementor-icon-list-items\">\n\t\t\t\t\t\t\t<li class=\"elementor-icon-list-item\">\n\t\t\t\t\t\t\t\t\t\t\t<span class=\"elementor-icon-list-icon\">\n\t\t\t\t\t\t\t<i aria-hidden=\"true\" class=\"fas fa-check\"><\/i>\t\t\t\t\t\t<\/span>\n\t\t\t\t\t\t\t\t\t\t<span class=\"elementor-icon-list-text\">Planes Maestros Municipales <\/span>\n\t\t\t\t\t\t\t\t\t<\/li>\n\t\t\t\t\t\t\t\t<li class=\"elementor-icon-list-item\">\n\t\t\t\t\t\t\t\t\t\t\t<span class=\"elementor-icon-list-icon\">\n\t\t\t\t\t\t\t<i aria-hidden=\"true\" class=\"fas fa-check\"><\/i>\t\t\t\t\t\t<\/span>\n\t\t\t\t\t\t\t\t\t\t<span class=\"elementor-icon-list-text\">Proyectos de reducci\u00f3n de p\u00e9rdidas de agua<\/span>\n\t\t\t\t\t\t\t\t\t<\/li>\n\t\t\t\t\t\t\t\t<li class=\"elementor-icon-list-item\">\n\t\t\t\t\t\t\t\t\t\t\t<span class=\"elementor-icon-list-icon\">\n\t\t\t\t\t\t\t<i aria-hidden=\"true\" class=\"fas fa-check\"><\/i>\t\t\t\t\t\t<\/span>\n\t\t\t\t\t\t\t\t\t\t<span class=\"elementor-icon-list-text\">An\u00e1lisis t\u00e9cnicos y econ\u00f3micos para procesos de concesiones de sistemas de abastecimiento de agua y alcantarillado<\/span>\n\t\t\t\t\t\t\t\t\t<\/li>\n\t\t\t\t\t\t\t\t<li class=\"elementor-icon-list-item\">\n\t\t\t\t\t\t\t\t\t\t\t<span class=\"elementor-icon-list-icon\">\n\t\t\t\t\t\t\t<i aria-hidden=\"true\" class=\"fas fa-check\"><\/i>\t\t\t\t\t\t<\/span>\n\t\t\t\t\t\t\t\t\t\t<span class=\"elementor-icon-list-text\">Sistemas de captaci\u00f3n, abastecimiento, tratamiento, almacenamiento y distribuci\u00f3n de agua <\/span>\n\t\t\t\t\t\t\t\t\t<\/li>\n\t\t\t\t\t\t\t\t<li class=\"elementor-icon-list-item\">\n\t\t\t\t\t\t\t\t\t\t\t<span class=\"elementor-icon-list-icon\">\n\t\t\t\t\t\t\t<i aria-hidden=\"true\" class=\"fas fa-check\"><\/i>\t\t\t\t\t\t<\/span>\n\t\t\t\t\t\t\t\t\t\t<span class=\"elementor-icon-list-text\">Sistemas de alcantarillado, depuraci\u00f3n, tratamiento y almacenamiento final <\/span>\n\t\t\t\t\t\t\t\t\t<\/li>\n\t\t\t\t\t\t<\/ul>\n\t\t\t\t<\/div>\n\t\t\t\t<\/div>\n\t\t\t\t\t<\/div>\n\t\t<\/div>\n\t\t\t\t<div data-custom-animations=\"true\" data-ca-options=\"{&quot;addChildTimelines&quot;:false,&quot;animationTarget&quot;:&quot;:scope &gt; .elementor-widget-wrap &gt; .elementor-element &gt; .elementor-widget-container, :scope &gt; .elementor-widget-wrap &gt; .elementor-section &gt; .elementor-container &gt; .elementor-column &gt; .elementor-widget-wrap &gt; .elementor-element:not(.lqd-el-has-inner-anim) &gt; .elementor-widget-container, :scope &gt; .elementor-widget-wrap &gt; .elementor-widget-hub_fancy_heading .lqd-split-lines .lqd-lines .split-inner, :scope &gt; .elementor-widget-wrap &gt; .elementor-widget-hub_fancy_heading .lqd-split-words .lqd-words .split-inner, :scope &gt; .elementor-widget-wrap &gt; .elementor-widget-hub_fancy_heading .lqd-split-chars .lqd-chars .split-inner, :scope &gt; .elementor-widget-wrap &gt; .elementor-widget-ld_custom_menu .lqd-fancy-menu &gt; ul &gt; li&quot;,&quot;ease&quot;:[&quot;power4.out&quot;],&quot;initValues&quot;:{&quot;y&quot;:&quot;60px&quot;,&quot;opacity&quot;:0},&quot;animations&quot;:{&quot;y&quot;:&quot;0px&quot;,&quot;opacity&quot;:1}}\" class=\"elementor-column elementor-col-50 elementor-inner-column elementor-element elementor-element-3e75b487\" data-id=\"3e75b487\" data-element_type=\"column\">\n\t\t\t<div class=\"elementor-widget-wrap\">\n\t\t\t\t\t\t\t<\/div>\n\t\t<\/div>\n\t\t\t\t\t<\/div>\n\t\t<\/section>\n\t\t\t\t<\/div>","protected":false},"excerpt":{"rendered":"<p>Consultoria e Gerenciamento Solu\u00e7\u00f5es Completas de Engenharia Servi\u00e7os de Consultoria e Gerenciamento Planos Diretores Municipais; Programa de redu\u00e7\u00e3o de perdas Estudos t\u00e9cnicos e econ\u00f4micos para processos de concess\u00e3o de sistemas de abastecimento e esgotamento sanit\u00e1rio; Sistemas de capta\u00e7\u00e3o, adu\u00e7\u00e3o, tratamento, reserva\u00e7\u00e3o e distribui\u00e7\u00e3o de \u00e1gua; Sistemas de coleta, afastamento, tratamento e disposi\u00e7\u00e3o final de esgoto.<\/p>","protected":false},"author":1,"featured_media":0,"parent":0,"menu_order":0,"comment_status":"closed","ping_status":"closed","template":"","meta":{"footnotes":""},"class_list":["post-1076","page","type-page","status-publish","hentry"],"yoast_head":"<!-- This site is optimized with the Yoast SEO plugin v22.8 - https:\/\/yoast.com\/wordpress\/plugins\/seo\/ -->\n<title>Consultoria e Gerenciamento - BBL Engenharia<\/title>\n<meta name=\"robots\" content=\"index, follow, max-snippet:-1, max-image-preview:large, max-video-preview:-1\" \/>\n<link rel=\"canonical\" href=\"https:\/\/bbleng.com.br\/es\/consultoria-e-gerenciamento\/\" \/>\n<meta property=\"og:locale\" content=\"es_ES\" \/>\n<meta property=\"og:type\" content=\"article\" \/>\n<meta property=\"og:title\" content=\"Consultoria e Gerenciamento - BBL Engenharia\" \/>\n<meta property=\"og:description\" content=\"Consultoria e Gerenciamento Solu\u00e7\u00f5es Completas de Engenharia Servi\u00e7os de Consultoria e Gerenciamento Planos Diretores Municipais; Programa de redu\u00e7\u00e3o de perdas Estudos t\u00e9cnicos e econ\u00f4micos para processos de concess\u00e3o de sistemas de abastecimento e esgotamento sanit\u00e1rio; Sistemas de capta\u00e7\u00e3o, adu\u00e7\u00e3o, tratamento, reserva\u00e7\u00e3o e distribui\u00e7\u00e3o de \u00e1gua; Sistemas de coleta, afastamento, tratamento e disposi\u00e7\u00e3o final de esgoto.\" \/>\n<meta property=\"og:url\" content=\"https:\/\/bbleng.com.br\/es\/consultoria-e-gerenciamento\/\" \/>\n<meta property=\"og:site_name\" content=\"BBL Engenharia\" \/>\n<meta property=\"article:modified_time\" content=\"2024-01-27T16:34:28+00:00\" \/>\n<meta name=\"twitter:card\" content=\"summary_large_image\" \/>\n<script type=\"application\/ld+json\" class=\"yoast-schema-graph\">{\"@context\":\"https:\/\/schema.org\",\"@graph\":[{\"@type\":\"WebPage\",\"@id\":\"https:\/\/bbleng.com.br\/es\/consultoria-e-gerenciamento\/\",\"url\":\"https:\/\/bbleng.com.br\/es\/consultoria-e-gerenciamento\/\",\"name\":\"Consultoria e Gerenciamento - BBL Engenharia\",\"isPartOf\":{\"@id\":\"https:\/\/bbleng.com.br\/#website\"},\"datePublished\":\"2023-12-04T00:01:42+00:00\",\"dateModified\":\"2024-01-27T16:34:28+00:00\",\"breadcrumb\":{\"@id\":\"https:\/\/bbleng.com.br\/es\/consultoria-e-gerenciamento\/#breadcrumb\"},\"inLanguage\":\"es\",\"potentialAction\":[{\"@type\":\"ReadAction\",\"target\":[\"https:\/\/bbleng.com.br\/es\/consultoria-e-gerenciamento\/\"]}]},{\"@type\":\"BreadcrumbList\",\"@id\":\"https:\/\/bbleng.com.br\/es\/consultoria-e-gerenciamento\/#breadcrumb\",\"itemListElement\":[{\"@type\":\"ListItem\",\"position\":1,\"name\":\"In\u00edcio\",\"item\":\"https:\/\/bbleng.com.br\/\"},{\"@type\":\"ListItem\",\"position\":2,\"name\":\"Consultoria e Gerenciamento\"}]},{\"@type\":\"WebSite\",\"@id\":\"https:\/\/bbleng.com.br\/#website\",\"url\":\"https:\/\/bbleng.com.br\/\",\"name\":\"BBL Engenharia\",\"description\":\"Otimiza\u00e7\u00e3o Operacional de Sistemas de Abastecimento de \u00c1gua e de Coleta de Esgosto!\",\"publisher\":{\"@id\":\"https:\/\/bbleng.com.br\/#organization\"},\"potentialAction\":[{\"@type\":\"SearchAction\",\"target\":{\"@type\":\"EntryPoint\",\"urlTemplate\":\"https:\/\/bbleng.com.br\/?s={search_term_string}\"},\"query-input\":\"required name=search_term_string\"}],\"inLanguage\":\"es\"},{\"@type\":\"Organization\",\"@id\":\"https:\/\/bbleng.com.br\/#organization\",\"name\":\"BBL Engenharia\",\"url\":\"https:\/\/bbleng.com.br\/\",\"logo\":{\"@type\":\"ImageObject\",\"inLanguage\":\"es\",\"@id\":\"https:\/\/bbleng.com.br\/#\/schema\/logo\/image\/\",\"url\":\"https:\/\/bbleng.com.br\/wp-content\/uploads\/2021\/07\/Logo-BBL-3.png\",\"contentUrl\":\"https:\/\/bbleng.com.br\/wp-content\/uploads\/2021\/07\/Logo-BBL-3.png\",\"width\":201,\"height\":214,\"caption\":\"BBL Engenharia\"},\"image\":{\"@id\":\"https:\/\/bbleng.com.br\/#\/schema\/logo\/image\/\"},\"sameAs\":[\"https:\/\/www.linkedin.com\/company\/bblengenharia\"]}]}<\/script>\n<!-- \/ Yoast SEO plugin. -->","yoast_head_json":{"title":"Consultoria e Gerenciamento - BBL Engenharia","robots":{"index":"index","follow":"follow","max-snippet":"max-snippet:-1","max-image-preview":"max-image-preview:large","max-video-preview":"max-video-preview:-1"},"canonical":"https:\/\/bbleng.com.br\/es\/consultoria-e-gerenciamento\/","og_locale":"es_ES","og_type":"article","og_title":"Consultoria e Gerenciamento - BBL Engenharia","og_description":"Consultoria e Gerenciamento Solu\u00e7\u00f5es Completas de Engenharia Servi\u00e7os de Consultoria e Gerenciamento Planos Diretores Municipais; Programa de redu\u00e7\u00e3o de perdas Estudos t\u00e9cnicos e econ\u00f4micos para processos de concess\u00e3o de sistemas de abastecimento e esgotamento sanit\u00e1rio; Sistemas de capta\u00e7\u00e3o, adu\u00e7\u00e3o, tratamento, reserva\u00e7\u00e3o e distribui\u00e7\u00e3o de \u00e1gua; Sistemas de coleta, afastamento, tratamento e disposi\u00e7\u00e3o final de esgoto.","og_url":"https:\/\/bbleng.com.br\/es\/consultoria-e-gerenciamento\/","og_site_name":"BBL Engenharia","article_modified_time":"2024-01-27T16:34:28+00:00","twitter_card":"summary_large_image","schema":{"@context":"https:\/\/schema.org","@graph":[{"@type":"WebPage","@id":"https:\/\/bbleng.com.br\/es\/consultoria-e-gerenciamento\/","url":"https:\/\/bbleng.com.br\/es\/consultoria-e-gerenciamento\/","name":"Consultoria e Gerenciamento - BBL Engenharia","isPartOf":{"@id":"https:\/\/bbleng.com.br\/#website"},"datePublished":"2023-12-04T00:01:42+00:00","dateModified":"2024-01-27T16:34:28+00:00","breadcrumb":{"@id":"https:\/\/bbleng.com.br\/es\/consultoria-e-gerenciamento\/#breadcrumb"},"inLanguage":"es","potentialAction":[{"@type":"ReadAction","target":["https:\/\/bbleng.com.br\/es\/consultoria-e-gerenciamento\/"]}]},{"@type":"BreadcrumbList","@id":"https:\/\/bbleng.com.br\/es\/consultoria-e-gerenciamento\/#breadcrumb","itemListElement":[{"@type":"ListItem","position":1,"name":"In\u00edcio","item":"https:\/\/bbleng.com.br\/"},{"@type":"ListItem","position":2,"name":"Consultoria e Gerenciamento"}]},{"@type":"WebSite","@id":"https:\/\/bbleng.com.br\/#website","url":"https:\/\/bbleng.com.br\/","name":"BBL Engenharia","description":"Otimiza\u00e7\u00e3o Operacional de Sistemas de Abastecimento de \u00c1gua e de Coleta de Esgosto!","publisher":{"@id":"https:\/\/bbleng.com.br\/#organization"},"potentialAction":[{"@type":"SearchAction","target":{"@type":"EntryPoint","urlTemplate":"https:\/\/bbleng.com.br\/?s={search_term_string}"},"query-input":"required name=search_term_string"}],"inLanguage":"es"},{"@type":"Organization","@id":"https:\/\/bbleng.com.br\/#organization","name":"BBL Engenharia","url":"https:\/\/bbleng.com.br\/","logo":{"@type":"ImageObject","inLanguage":"es","@id":"https:\/\/bbleng.com.br\/#\/schema\/logo\/image\/","url":"https:\/\/bbleng.com.br\/wp-content\/uploads\/2021\/07\/Logo-BBL-3.png","contentUrl":"https:\/\/bbleng.com.br\/wp-content\/uploads\/2021\/07\/Logo-BBL-3.png","width":201,"height":214,"caption":"BBL Engenharia"},"image":{"@id":"https:\/\/bbleng.com.br\/#\/schema\/logo\/image\/"},"sameAs":["https:\/\/www.linkedin.com\/company\/bblengenharia"]}]}},"_links":{"self":[{"href":"https:\/\/bbleng.com.br\/es\/wp-json\/wp\/v2\/pages\/1076","targetHints":{"allow":["GET"]}}],"collection":[{"href":"https:\/\/bbleng.com.br\/es\/wp-json\/wp\/v2\/pages"}],"about":[{"href":"https:\/\/bbleng.com.br\/es\/wp-json\/wp\/v2\/types\/page"}],"author":[{"embeddable":true,"href":"https:\/\/bbleng.com.br\/es\/wp-json\/wp\/v2\/users\/1"}],"replies":[{"embeddable":true,"href":"https:\/\/bbleng.com.br\/es\/wp-json\/wp\/v2\/comments?post=1076"}],"version-history":[{"count":16,"href":"https:\/\/bbleng.com.br\/es\/wp-json\/wp\/v2\/pages\/1076\/revisions"}],"predecessor-version":[{"id":1486,"href":"https:\/\/bbleng.com.br\/es\/wp-json\/wp\/v2\/pages\/1076\/revisions\/1486"}],"wp:attachment":[{"href":"https:\/\/bbleng.com.br\/es\/wp-json\/wp\/v2\/media?parent=1076"}],"curies":[{"name":"wp","href":"https:\/\/api.w.org\/{rel}","templated":true}]}}