{"id":1829,"date":"2025-06-14T18:12:05","date_gmt":"2025-06-14T21:12:05","guid":{"rendered":"https:\/\/bbleng.com.br\/?page_id=1829"},"modified":"2025-11-21T11:28:16","modified_gmt":"2025-11-21T14:28:16","slug":"politica-do-sistema-de-gestao-integrado","status":"publish","type":"page","link":"https:\/\/bbleng.com.br\/en\/politica-do-sistema-de-gestao-integrado\/","title":{"rendered":"Pol\u00edtica do Sistema de Gest\u00e3o Integrado"},"content":{"rendered":"<div data-elementor-type=\"wp-page\" data-elementor-id=\"1829\" class=\"elementor elementor-1829\">\n\t\t\t\t\t\t<section class=\"elementor-section elementor-top-section elementor-element elementor-element-5fb7010 elementor-section-boxed elementor-section-height-default elementor-section-height-default\" data-id=\"5fb7010\" data-element_type=\"section\" data-settings=\"{&quot;background_background&quot;:&quot;gradient&quot;,&quot;shape_divider_bottom&quot;:&quot;lqd-custom-shape-12&quot;}\">\n\t\t\t\t\t<div class=\"elementor-shape elementor-shape-bottom\" data-negative=\"false\">\n\t\t\t<svg class=\"lqd-custom-shape\" xmlns=\"http:\/\/www.w3.org\/2000\/svg\" preserveaspectratio=\"none\"  viewbox=\"0 0 1440 150\">\n    <path class=\"elementor-shape-fill\" d=\"M 0 26.1978 C 275.76 83.8152 430.707 65.0509 716.279 25.6386 C 930.422 -3.86123 1210.32 -3.98357 1439 9.18045 C 2072.34 45.9691 2201.93 62.4429 2560 26.198 V 172.199 L 0 172.199 V 26.1978 Z\">\n        <animate repeatcount=\"indefinite\" fill=\"freeze\" attributename=\"d\" dur=\"10s\" values=\"M0 25.9086C277 84.5821 433 65.736 720 25.9086C934.818 -3.9019 1214.06 -5.23669 1442 8.06597C2079 45.2421 2208 63.5007 2560 25.9088V171.91L0 171.91V25.9086Z; M0 86.3149C316 86.315 444 159.155 884 51.1554C1324 -56.8446 1320.29 34.1214 1538 70.4063C1814 116.407 2156 188.408 2560 86.315V232.317L0 232.316V86.3149Z; M0 53.6584C158 11.0001 213 0 363 0C513 0 855.555 115.001 1154 115.001C1440 115.001 1626 -38.0004 2560 53.6585V199.66L0 199.66V53.6584Z; M0 25.9086C277 84.5821 433 65.736 720 25.9086C934.818 -3.9019 1214.06 -5.23669 1442 8.06597C2079 45.2421 2208 63.5007 2560 25.9088V171.91L0 171.91V25.9086Z\">\n        <\/animate>\n    <\/path>\n<\/svg>\t\t<\/div>\n\t\t\t\t\t<div class=\"elementor-container elementor-column-gap-default\">\n\t\t\t\t\t<div class=\"elementor-column elementor-col-100 elementor-top-column elementor-element elementor-element-ba3b91d\" data-id=\"ba3b91d\" data-element_type=\"column\">\n\t\t\t<div class=\"elementor-widget-wrap elementor-element-populated\">\n\t\t\t\t\t\t<section class=\"elementor-section elementor-inner-section elementor-element elementor-element-de4b000 elementor-section-boxed elementor-section-height-default elementor-section-height-default\" data-id=\"de4b000\" data-element_type=\"section\">\n\t\t\t\t\t\t<div class=\"elementor-container elementor-column-gap-default\">\n\t\t\t\t\t<div class=\"elementor-column elementor-col-100 elementor-inner-column elementor-element elementor-element-7458fab\" data-id=\"7458fab\" data-element_type=\"column\">\n\t\t\t<div class=\"elementor-widget-wrap elementor-element-populated\">\n\t\t\t\t\t\t<div class=\"elementor-element elementor-element-9e4d53f elementor-widget elementor-widget-hub_fancy_heading\" data-id=\"9e4d53f\" data-element_type=\"widget\" data-widget_type=\"hub_fancy_heading.default\">\n\t\t\t\t<div class=\"elementor-widget-container\">\n\t\t\t\n\t\t<div id=\"ld-fancy-heading-69e5aa6e38e48\" class=\"ld-fancy-heading pos-rel\">\n\t\t\t<h1 class=\"ld-fh-element d-inline-block pos-rel  elementor-heading-title lqd-highlight-classic lqd-highlight-grow-left h1\"  > Pol\u00edtica do Sistema de Gest\u00e3o Integrado<\/h1>\t\t<\/div>\n\n\t\t\t\t<\/div>\n\t\t\t\t<\/div>\n\t\t\t\t<div class=\"elementor-element elementor-element-e42acec elementor-widget elementor-widget-ld_button\" data-id=\"e42acec\" data-element_type=\"widget\" data-widget_type=\"ld_button.default\">\n\t\t\t\t<div class=\"elementor-widget-container\">\n\t\t\t\n\t\t\t<a\n\t\t\t\tclass=\"elementor-button btn btn-naked btn-icon-block btn-no-label\" data-localscroll=\"1\" data-localscroll-options=\"{&quot;scrollBelowSection&quot;:true}\" href=\"#\"\t\t\t>\n\t\t\t\t\t\t\t\t\t\t\t\t\t\t<span class=\"btn-icon\">\n\t\t\t\t\t\t\t<i aria-hidden=\"true\" class=\"lqd-icn-ess icon-ion-ios-arrow-down\"><\/i>\t\t\t\t\t\t<\/span>\n\t\t\t\t\t\t\t\t\t<\/a>\n\t\t\t\t\t<\/div>\n\t\t\t\t<\/div>\n\t\t\t\t\t<\/div>\n\t\t<\/div>\n\t\t\t\t\t<\/div>\n\t\t<\/section>\n\t\t\t\t\t<\/div>\n\t\t<\/div>\n\t\t\t\t\t<\/div>\n\t\t<\/section>\n\t\t\t\t<section class=\"elementor-section elementor-top-section elementor-element elementor-element-50bacad elementor-section-boxed elementor-section-height-default elementor-section-height-default\" data-id=\"50bacad\" data-element_type=\"section\">\n\t\t\t\t\t\t<div class=\"elementor-container elementor-column-gap-default\">\n\t\t\t\t\t<div class=\"elementor-column elementor-col-100 elementor-top-column elementor-element elementor-element-541922d\" data-id=\"541922d\" data-element_type=\"column\">\n\t\t\t<div class=\"elementor-widget-wrap elementor-element-populated\">\n\t\t\t\t\t\t<section class=\"elementor-section elementor-inner-section elementor-element elementor-element-4304168 elementor-section-boxed elementor-section-height-default elementor-section-height-default\" data-id=\"4304168\" data-element_type=\"section\">\n\t\t\t\t\t\t<div class=\"elementor-container elementor-column-gap-default\">\n\t\t\t\t\t<div data-custom-animations=\"true\" data-ca-options=\"{&quot;addChildTimelines&quot;:false,&quot;animationTarget&quot;:&quot;:scope &gt; .elementor-widget-wrap &gt; .elementor-element &gt; .elementor-widget-container, :scope &gt; .elementor-widget-wrap &gt; .elementor-section &gt; .elementor-container &gt; .elementor-column &gt; .elementor-widget-wrap &gt; .elementor-element:not(.lqd-el-has-inner-anim) &gt; .elementor-widget-container, :scope &gt; .elementor-widget-wrap &gt; .elementor-widget-hub_fancy_heading .lqd-split-lines .lqd-lines .split-inner, :scope &gt; .elementor-widget-wrap &gt; .elementor-widget-hub_fancy_heading .lqd-split-words .lqd-words .split-inner, :scope &gt; .elementor-widget-wrap &gt; .elementor-widget-hub_fancy_heading .lqd-split-chars .lqd-chars .split-inner, :scope &gt; .elementor-widget-wrap &gt; .elementor-widget-ld_custom_menu .lqd-fancy-menu &gt; ul &gt; li&quot;,&quot;ease&quot;:[&quot;power4.out&quot;],&quot;initValues&quot;:{&quot;y&quot;:&quot;60px&quot;,&quot;opacity&quot;:0},&quot;animations&quot;:{&quot;y&quot;:&quot;0px&quot;,&quot;opacity&quot;:1}}\" class=\"elementor-column elementor-col-100 elementor-inner-column elementor-element elementor-element-a7fbe96\" data-id=\"a7fbe96\" data-element_type=\"column\">\n\t\t\t<div class=\"elementor-widget-wrap elementor-element-populated\">\n\t\t\t\t\t\t<div class=\"elementor-element elementor-element-8d7574d elementor-widget elementor-widget-hub_fancy_heading\" data-id=\"8d7574d\" data-element_type=\"widget\" data-widget_type=\"hub_fancy_heading.default\">\n\t\t\t\t<div class=\"elementor-widget-container\">\n\t\t\t\n\t\t<div id=\"ld-fancy-heading-69e5aa6e3c579\" class=\"ld-fancy-heading pos-rel\">\n\t\t\t<h2 class=\"ld-fh-element d-inline-block pos-rel  elementor-heading-title lqd-highlight-classic lqd-highlight-grow-left h2\"  > Pol\u00edtica do Sistema de Gest\u00e3o Integrado<\/h2>\t\t<\/div>\n\n\t\t\t\t<\/div>\n\t\t\t\t<\/div>\n\t\t\t\t\t<\/div>\n\t\t<\/div>\n\t\t\t\t\t<\/div>\n\t\t<\/section>\n\t\t\t\t\t<\/div>\n\t\t<\/div>\n\t\t\t\t\t<\/div>\n\t\t<\/section>\n\t\t\t\t<section class=\"elementor-section elementor-top-section elementor-element elementor-element-fa2eb9a elementor-section-boxed elementor-section-height-default elementor-section-height-default\" data-id=\"fa2eb9a\" data-element_type=\"section\">\n\t\t\t\t\t\t<div class=\"elementor-container elementor-column-gap-default\">\n\t\t\t\t\t<div class=\"elementor-column elementor-col-100 elementor-top-column elementor-element elementor-element-58b97fc\" data-id=\"58b97fc\" data-element_type=\"column\">\n\t\t\t<div class=\"elementor-widget-wrap elementor-element-populated\">\n\t\t\t\t\t\t<section class=\"elementor-section elementor-inner-section elementor-element elementor-element-73ef6ee elementor-section-boxed elementor-section-height-default elementor-section-height-default\" data-id=\"73ef6ee\" data-element_type=\"section\">\n\t\t\t\t\t\t<div class=\"elementor-container elementor-column-gap-default\">\n\t\t\t\t\t<div data-custom-animations=\"true\" data-ca-options=\"{&quot;addChildTimelines&quot;:false,&quot;animationTarget&quot;:&quot;:scope &gt; .elementor-widget-wrap &gt; .elementor-element &gt; .elementor-widget-container, :scope &gt; .elementor-widget-wrap &gt; .elementor-section &gt; .elementor-container &gt; .elementor-column &gt; .elementor-widget-wrap &gt; .elementor-element:not(.lqd-el-has-inner-anim) &gt; .elementor-widget-container, :scope &gt; .elementor-widget-wrap &gt; .elementor-widget-hub_fancy_heading .lqd-split-lines .lqd-lines .split-inner, :scope &gt; .elementor-widget-wrap &gt; .elementor-widget-hub_fancy_heading .lqd-split-words .lqd-words .split-inner, :scope &gt; .elementor-widget-wrap &gt; .elementor-widget-hub_fancy_heading .lqd-split-chars .lqd-chars .split-inner, :scope &gt; .elementor-widget-wrap &gt; .elementor-widget-ld_custom_menu .lqd-fancy-menu &gt; ul &gt; li&quot;,&quot;ease&quot;:[&quot;power4.out&quot;],&quot;initValues&quot;:{&quot;y&quot;:&quot;60px&quot;,&quot;opacity&quot;:0},&quot;animations&quot;:{&quot;y&quot;:&quot;0px&quot;,&quot;opacity&quot;:1}}\" class=\"elementor-column elementor-col-50 elementor-inner-column elementor-element elementor-element-14c02ae\" data-id=\"14c02ae\" data-element_type=\"column\">\n\t\t\t<div class=\"elementor-widget-wrap elementor-element-populated\">\n\t\t\t\t\t\t<div class=\"elementor-element elementor-element-822e6dc elementor-widget elementor-widget-hub_fancy_heading\" data-id=\"822e6dc\" data-element_type=\"widget\" data-widget_type=\"hub_fancy_heading.default\">\n\t\t\t\t<div class=\"elementor-widget-container\">\n\t\t\t\n\t\t<div id=\"ld-fancy-heading-69e5aa6e3d900\" class=\"ld-fancy-heading pos-rel\">\n\t\t\t<p class=\"ld-fh-element d-inline-block pos-rel  lqd-highlight-classic lqd-highlight-grow-left p\"  > A BBL tem como prop\u00f3sito fornecer solu\u00e7\u00f5es inovadoras e sustent\u00e1veis em engenharia para o saneamento b\u00e1sico, pensando na melhoria da qualidade de vida das comunidades. Nosso compromisso \u00e9 contribuir para a efici\u00eancia dos sistemas de abastecimento de \u00e1gua e esgotamento sanit\u00e1rio, sempre com foco na excel\u00eancia e na satisfa\u00e7\u00e3o dos nossos clientes e parceiros empresariais. Para tanto, seguimos as seguintes diretrizes:<\/p>\t\t<\/div>\n\n\t\t\t\t<\/div>\n\t\t\t\t<\/div>\n\t\t\t\t<div class=\"elementor-element elementor-element-4e0495b elementor-align-left elementor-icon-list--layout-traditional elementor-list-item-link-full_width elementor-widget elementor-widget-icon-list\" data-id=\"4e0495b\" data-element_type=\"widget\" data-widget_type=\"icon-list.default\">\n\t\t\t\t<div class=\"elementor-widget-container\">\n\t\t\t<link rel=\"stylesheet\" href=\"https:\/\/bbleng.com.br\/wp-content\/uploads\/elementor\/css\/custom-widget-icon-list.min.css?ver=1764025657\">\t\t<ul class=\"elementor-icon-list-items\">\n\t\t\t\t\t\t\t<li class=\"elementor-icon-list-item\">\n\t\t\t\t\t\t\t\t\t\t\t<span class=\"elementor-icon-list-icon\">\n\t\t\t\t\t\t\t<i aria-hidden=\"true\" class=\"fas fa-check\"><\/i>\t\t\t\t\t\t<\/span>\n\t\t\t\t\t\t\t\t\t\t<span class=\"elementor-icon-list-text\">Utilizar recursos naturais de forma consciente, com firme compromisso na preven\u00e7\u00e3o da polui\u00e7\u00e3o.<\/span>\n\t\t\t\t\t\t\t\t\t<\/li>\n\t\t\t\t\t\t\t\t<li class=\"elementor-icon-list-item\">\n\t\t\t\t\t\t\t\t\t\t\t<span class=\"elementor-icon-list-icon\">\n\t\t\t\t\t\t\t<i aria-hidden=\"true\" class=\"fas fa-check\"><\/i>\t\t\t\t\t\t<\/span>\n\t\t\t\t\t\t\t\t\t\t<span class=\"elementor-icon-list-text\">Atender aos requisitos legais e outros aplic\u00e1veis as nossas atividades.<\/span>\n\t\t\t\t\t\t\t\t\t<\/li>\n\t\t\t\t\t\t\t\t<li class=\"elementor-icon-list-item\">\n\t\t\t\t\t\t\t\t\t\t\t<span class=\"elementor-icon-list-icon\">\n\t\t\t\t\t\t\t<i aria-hidden=\"true\" class=\"fas fa-check\"><\/i>\t\t\t\t\t\t<\/span>\n\t\t\t\t\t\t\t\t\t\t<span class=\"elementor-icon-list-text\">Aprimorar continuamente o desempenho do Sistema de Gest\u00e3o Integrado.<\/span>\n\t\t\t\t\t\t\t\t\t<\/li>\n\t\t\t\t\t\t\t\t<li class=\"elementor-icon-list-item\">\n\t\t\t\t\t\t\t\t\t\t\t<span class=\"elementor-icon-list-icon\">\n\t\t\t\t\t\t\t<i aria-hidden=\"true\" class=\"fas fa-check\"><\/i>\t\t\t\t\t\t<\/span>\n\t\t\t\t\t\t\t\t\t\t<span class=\"elementor-icon-list-text\">Proporcionar condi\u00e7\u00f5es de trabalho seguras e saud\u00e1veis, com foco na preven\u00e7\u00e3o de les\u00f5es e outros problemas de sa\u00fade dos colaboradores.<\/span>\n\t\t\t\t\t\t\t\t\t<\/li>\n\t\t\t\t\t\t\t\t<li class=\"elementor-icon-list-item\">\n\t\t\t\t\t\t\t\t\t\t\t<span class=\"elementor-icon-list-icon\">\n\t\t\t\t\t\t\t<i aria-hidden=\"true\" class=\"fas fa-check\"><\/i>\t\t\t\t\t\t<\/span>\n\t\t\t\t\t\t\t\t\t\t<span class=\"elementor-icon-list-text\">Eliminar perigos e reduzir riscos relacionados \u00e0 Seguran\u00e7a e Sa\u00fade Ocupacional, definindo a\u00e7\u00f5es de melhorias cont\u00ednua e incentivando a consulta e participa\u00e7\u00e3o dos colaboradores.<\/span>\n\t\t\t\t\t\t\t\t\t<\/li>\n\t\t\t\t\t\t<\/ul>\n\t\t\t\t<\/div>\n\t\t\t\t<\/div>\n\t\t\t\t\t<\/div>\n\t\t<\/div>\n\t\t\t\t<div data-custom-animations=\"true\" data-ca-options=\"{&quot;addChildTimelines&quot;:false,&quot;animationTarget&quot;:&quot;:scope &gt; .elementor-widget-wrap &gt; .elementor-element &gt; .elementor-widget-container, :scope &gt; .elementor-widget-wrap &gt; .elementor-section &gt; .elementor-container &gt; .elementor-column &gt; .elementor-widget-wrap &gt; .elementor-element:not(.lqd-el-has-inner-anim) &gt; .elementor-widget-container, :scope &gt; .elementor-widget-wrap &gt; .elementor-widget-hub_fancy_heading .lqd-split-lines .lqd-lines .split-inner, :scope &gt; .elementor-widget-wrap &gt; .elementor-widget-hub_fancy_heading .lqd-split-words .lqd-words .split-inner, :scope &gt; .elementor-widget-wrap &gt; .elementor-widget-hub_fancy_heading .lqd-split-chars .lqd-chars .split-inner, :scope &gt; .elementor-widget-wrap &gt; .elementor-widget-ld_custom_menu .lqd-fancy-menu &gt; ul &gt; li&quot;,&quot;ease&quot;:[&quot;power4.out&quot;],&quot;initValues&quot;:{&quot;y&quot;:&quot;60px&quot;,&quot;opacity&quot;:0},&quot;animations&quot;:{&quot;y&quot;:&quot;0px&quot;,&quot;opacity&quot;:1}}\" class=\"elementor-column elementor-col-50 elementor-inner-column elementor-element elementor-element-c078d01\" data-id=\"c078d01\" data-element_type=\"column\">\n\t\t\t<div class=\"elementor-widget-wrap elementor-element-populated\">\n\t\t\t\t\t\t<div class=\"elementor-element elementor-element-13e6c81 elementor-widget elementor-widget-image\" data-id=\"13e6c81\" data-element_type=\"widget\" data-widget_type=\"image.default\">\n\t\t\t\t<div class=\"elementor-widget-container\">\n\t\t\t<style>\/*! elementor - v3.21.0 - 26-05-2024 *\/\n.elementor-widget-image{text-align:center}.elementor-widget-image a{display:inline-block}.elementor-widget-image a img[src$=\".svg\"]{width:48px}.elementor-widget-image img{vertical-align:middle;display:inline-block}<\/style>\t\t\t\t\t\t\t\t\t\t<img fetchpriority=\"high\" decoding=\"async\" width=\"501\" height=\"698\" src=\"https:\/\/bbleng.com.br\/wp-content\/uploads\/2025\/06\/Ativo-1.png\" class=\"attachment-full size-full wp-image-1831\" alt=\"\" srcset=\"https:\/\/bbleng.com.br\/wp-content\/uploads\/2025\/06\/Ativo-1.png 501w, https:\/\/bbleng.com.br\/wp-content\/uploads\/2025\/06\/Ativo-1-215x300.png 215w, https:\/\/bbleng.com.br\/wp-content\/uploads\/2025\/06\/Ativo-1-9x12.png 9w, https:\/\/bbleng.com.br\/wp-content\/uploads\/2025\/06\/Ativo-1-144x200.png 144w\" sizes=\"(max-width: 501px) 100vw, 501px\" \/>\t\t\t\t\t\t\t\t\t\t\t\t\t<\/div>\n\t\t\t\t<\/div>\n\t\t\t\t\t<\/div>\n\t\t<\/div>\n\t\t\t\t\t<\/div>\n\t\t<\/section>\n\t\t\t\t\t<\/div>\n\t\t<\/div>\n\t\t\t\t\t<\/div>\n\t\t<\/section>\n\t\t\t\t<\/div>","protected":false},"excerpt":{"rendered":"<p>Pol\u00edtica do Sistema de Gest\u00e3o Integrado Pol\u00edtica do Sistema de Gest\u00e3o Integrado A BBL tem como prop\u00f3sito fornecer solu\u00e7\u00f5es inovadoras e sustent\u00e1veis em engenharia para o saneamento b\u00e1sico, pensando na melhoria da qualidade de vida das comunidades. Nosso compromisso \u00e9 contribuir para a efici\u00eancia dos sistemas de abastecimento de \u00e1gua e esgotamento sanit\u00e1rio, sempre com [&hellip;]<\/p>","protected":false},"author":1,"featured_media":0,"parent":0,"menu_order":0,"comment_status":"closed","ping_status":"closed","template":"","meta":{"footnotes":""},"class_list":["post-1829","page","type-page","status-publish","hentry"],"yoast_head":"<!-- This site is optimized with the Yoast SEO plugin v22.8 - https:\/\/yoast.com\/wordpress\/plugins\/seo\/ -->\n<title>Pol\u00edtica do Sistema de Gest\u00e3o Integrado - BBL Engenharia<\/title>\n<meta name=\"robots\" content=\"index, follow, max-snippet:-1, max-image-preview:large, max-video-preview:-1\" \/>\n<link rel=\"canonical\" href=\"https:\/\/bbleng.com.br\/en\/politica-do-sistema-de-gestao-integrado\/\" \/>\n<meta property=\"og:locale\" content=\"en_US\" \/>\n<meta property=\"og:type\" content=\"article\" \/>\n<meta property=\"og:title\" content=\"Pol\u00edtica do Sistema de Gest\u00e3o Integrado - BBL Engenharia\" \/>\n<meta property=\"og:description\" content=\"Pol\u00edtica do Sistema de Gest\u00e3o Integrado Pol\u00edtica do Sistema de Gest\u00e3o Integrado A BBL tem como prop\u00f3sito fornecer solu\u00e7\u00f5es inovadoras e sustent\u00e1veis em engenharia para o saneamento b\u00e1sico, pensando na melhoria da qualidade de vida das comunidades. Nosso compromisso \u00e9 contribuir para a efici\u00eancia dos sistemas de abastecimento de \u00e1gua e esgotamento sanit\u00e1rio, sempre com [&hellip;]\" \/>\n<meta property=\"og:url\" content=\"https:\/\/bbleng.com.br\/en\/politica-do-sistema-de-gestao-integrado\/\" \/>\n<meta property=\"og:site_name\" content=\"BBL Engenharia\" \/>\n<meta property=\"article:modified_time\" content=\"2025-11-21T14:28:16+00:00\" \/>\n<meta property=\"og:image\" content=\"https:\/\/bbleng.com.br\/wp-content\/uploads\/2025\/06\/Ativo-1.png\" \/>\n<meta name=\"twitter:card\" content=\"summary_large_image\" \/>\n<meta name=\"twitter:label1\" content=\"Est. reading time\" \/>\n\t<meta name=\"twitter:data1\" content=\"2 minutes\" \/>\n<script type=\"application\/ld+json\" class=\"yoast-schema-graph\">{\"@context\":\"https:\/\/schema.org\",\"@graph\":[{\"@type\":\"WebPage\",\"@id\":\"https:\/\/bbleng.com.br\/politica-do-sistema-de-gestao-integrado\/\",\"url\":\"https:\/\/bbleng.com.br\/politica-do-sistema-de-gestao-integrado\/\",\"name\":\"Pol\u00edtica do Sistema de Gest\u00e3o Integrado - BBL Engenharia\",\"isPartOf\":{\"@id\":\"https:\/\/bbleng.com.br\/#website\"},\"primaryImageOfPage\":{\"@id\":\"https:\/\/bbleng.com.br\/politica-do-sistema-de-gestao-integrado\/#primaryimage\"},\"image\":{\"@id\":\"https:\/\/bbleng.com.br\/politica-do-sistema-de-gestao-integrado\/#primaryimage\"},\"thumbnailUrl\":\"https:\/\/bbleng.com.br\/wp-content\/uploads\/2025\/06\/Ativo-1.png\",\"datePublished\":\"2025-06-14T21:12:05+00:00\",\"dateModified\":\"2025-11-21T14:28:16+00:00\",\"breadcrumb\":{\"@id\":\"https:\/\/bbleng.com.br\/politica-do-sistema-de-gestao-integrado\/#breadcrumb\"},\"inLanguage\":\"en-US\",\"potentialAction\":[{\"@type\":\"ReadAction\",\"target\":[\"https:\/\/bbleng.com.br\/politica-do-sistema-de-gestao-integrado\/\"]}]},{\"@type\":\"ImageObject\",\"inLanguage\":\"en-US\",\"@id\":\"https:\/\/bbleng.com.br\/politica-do-sistema-de-gestao-integrado\/#primaryimage\",\"url\":\"https:\/\/bbleng.com.br\/wp-content\/uploads\/2025\/06\/Ativo-1.png\",\"contentUrl\":\"https:\/\/bbleng.com.br\/wp-content\/uploads\/2025\/06\/Ativo-1.png\"},{\"@type\":\"BreadcrumbList\",\"@id\":\"https:\/\/bbleng.com.br\/politica-do-sistema-de-gestao-integrado\/#breadcrumb\",\"itemListElement\":[{\"@type\":\"ListItem\",\"position\":1,\"name\":\"In\u00edcio\",\"item\":\"https:\/\/bbleng.com.br\/\"},{\"@type\":\"ListItem\",\"position\":2,\"name\":\"Pol\u00edtica do Sistema de Gest\u00e3o Integrado\"}]},{\"@type\":\"WebSite\",\"@id\":\"https:\/\/bbleng.com.br\/#website\",\"url\":\"https:\/\/bbleng.com.br\/\",\"name\":\"BBL Engenharia\",\"description\":\"Otimiza\u00e7\u00e3o Operacional de Sistemas de Abastecimento de \u00c1gua e de Coleta de Esgosto!\",\"publisher\":{\"@id\":\"https:\/\/bbleng.com.br\/#organization\"},\"potentialAction\":[{\"@type\":\"SearchAction\",\"target\":{\"@type\":\"EntryPoint\",\"urlTemplate\":\"https:\/\/bbleng.com.br\/?s={search_term_string}\"},\"query-input\":\"required name=search_term_string\"}],\"inLanguage\":\"en-US\"},{\"@type\":\"Organization\",\"@id\":\"https:\/\/bbleng.com.br\/#organization\",\"name\":\"BBL Engenharia\",\"url\":\"https:\/\/bbleng.com.br\/\",\"logo\":{\"@type\":\"ImageObject\",\"inLanguage\":\"en-US\",\"@id\":\"https:\/\/bbleng.com.br\/#\/schema\/logo\/image\/\",\"url\":\"https:\/\/bbleng.com.br\/wp-content\/uploads\/2021\/07\/Logo-BBL-3.png\",\"contentUrl\":\"https:\/\/bbleng.com.br\/wp-content\/uploads\/2021\/07\/Logo-BBL-3.png\",\"width\":201,\"height\":214,\"caption\":\"BBL Engenharia\"},\"image\":{\"@id\":\"https:\/\/bbleng.com.br\/#\/schema\/logo\/image\/\"},\"sameAs\":[\"https:\/\/www.linkedin.com\/company\/bblengenharia\"]}]}<\/script>\n<!-- \/ Yoast SEO plugin. -->","yoast_head_json":{"title":"Pol\u00edtica do Sistema de Gest\u00e3o Integrado - BBL Engenharia","robots":{"index":"index","follow":"follow","max-snippet":"max-snippet:-1","max-image-preview":"max-image-preview:large","max-video-preview":"max-video-preview:-1"},"canonical":"https:\/\/bbleng.com.br\/en\/politica-do-sistema-de-gestao-integrado\/","og_locale":"en_US","og_type":"article","og_title":"Pol\u00edtica do Sistema de Gest\u00e3o Integrado - BBL Engenharia","og_description":"Pol\u00edtica do Sistema de Gest\u00e3o Integrado Pol\u00edtica do Sistema de Gest\u00e3o Integrado A BBL tem como prop\u00f3sito fornecer solu\u00e7\u00f5es inovadoras e sustent\u00e1veis em engenharia para o saneamento b\u00e1sico, pensando na melhoria da qualidade de vida das comunidades. Nosso compromisso \u00e9 contribuir para a efici\u00eancia dos sistemas de abastecimento de \u00e1gua e esgotamento sanit\u00e1rio, sempre com [&hellip;]","og_url":"https:\/\/bbleng.com.br\/en\/politica-do-sistema-de-gestao-integrado\/","og_site_name":"BBL Engenharia","article_modified_time":"2025-11-21T14:28:16+00:00","og_image":[{"url":"https:\/\/bbleng.com.br\/wp-content\/uploads\/2025\/06\/Ativo-1.png"}],"twitter_card":"summary_large_image","twitter_misc":{"Est. reading time":"2 minutes"},"schema":{"@context":"https:\/\/schema.org","@graph":[{"@type":"WebPage","@id":"https:\/\/bbleng.com.br\/politica-do-sistema-de-gestao-integrado\/","url":"https:\/\/bbleng.com.br\/politica-do-sistema-de-gestao-integrado\/","name":"Pol\u00edtica do Sistema de Gest\u00e3o Integrado - BBL Engenharia","isPartOf":{"@id":"https:\/\/bbleng.com.br\/#website"},"primaryImageOfPage":{"@id":"https:\/\/bbleng.com.br\/politica-do-sistema-de-gestao-integrado\/#primaryimage"},"image":{"@id":"https:\/\/bbleng.com.br\/politica-do-sistema-de-gestao-integrado\/#primaryimage"},"thumbnailUrl":"https:\/\/bbleng.com.br\/wp-content\/uploads\/2025\/06\/Ativo-1.png","datePublished":"2025-06-14T21:12:05+00:00","dateModified":"2025-11-21T14:28:16+00:00","breadcrumb":{"@id":"https:\/\/bbleng.com.br\/politica-do-sistema-de-gestao-integrado\/#breadcrumb"},"inLanguage":"en-US","potentialAction":[{"@type":"ReadAction","target":["https:\/\/bbleng.com.br\/politica-do-sistema-de-gestao-integrado\/"]}]},{"@type":"ImageObject","inLanguage":"en-US","@id":"https:\/\/bbleng.com.br\/politica-do-sistema-de-gestao-integrado\/#primaryimage","url":"https:\/\/bbleng.com.br\/wp-content\/uploads\/2025\/06\/Ativo-1.png","contentUrl":"https:\/\/bbleng.com.br\/wp-content\/uploads\/2025\/06\/Ativo-1.png"},{"@type":"BreadcrumbList","@id":"https:\/\/bbleng.com.br\/politica-do-sistema-de-gestao-integrado\/#breadcrumb","itemListElement":[{"@type":"ListItem","position":1,"name":"In\u00edcio","item":"https:\/\/bbleng.com.br\/"},{"@type":"ListItem","position":2,"name":"Pol\u00edtica do Sistema de Gest\u00e3o Integrado"}]},{"@type":"WebSite","@id":"https:\/\/bbleng.com.br\/#website","url":"https:\/\/bbleng.com.br\/","name":"BBL Engenharia","description":"Otimiza\u00e7\u00e3o Operacional de Sistemas de Abastecimento de \u00c1gua e de Coleta de Esgosto!","publisher":{"@id":"https:\/\/bbleng.com.br\/#organization"},"potentialAction":[{"@type":"SearchAction","target":{"@type":"EntryPoint","urlTemplate":"https:\/\/bbleng.com.br\/?s={search_term_string}"},"query-input":"required name=search_term_string"}],"inLanguage":"en-US"},{"@type":"Organization","@id":"https:\/\/bbleng.com.br\/#organization","name":"BBL Engenharia","url":"https:\/\/bbleng.com.br\/","logo":{"@type":"ImageObject","inLanguage":"en-US","@id":"https:\/\/bbleng.com.br\/#\/schema\/logo\/image\/","url":"https:\/\/bbleng.com.br\/wp-content\/uploads\/2021\/07\/Logo-BBL-3.png","contentUrl":"https:\/\/bbleng.com.br\/wp-content\/uploads\/2021\/07\/Logo-BBL-3.png","width":201,"height":214,"caption":"BBL Engenharia"},"image":{"@id":"https:\/\/bbleng.com.br\/#\/schema\/logo\/image\/"},"sameAs":["https:\/\/www.linkedin.com\/company\/bblengenharia"]}]}},"_links":{"self":[{"href":"https:\/\/bbleng.com.br\/en\/wp-json\/wp\/v2\/pages\/1829","targetHints":{"allow":["GET"]}}],"collection":[{"href":"https:\/\/bbleng.com.br\/en\/wp-json\/wp\/v2\/pages"}],"about":[{"href":"https:\/\/bbleng.com.br\/en\/wp-json\/wp\/v2\/types\/page"}],"author":[{"embeddable":true,"href":"https:\/\/bbleng.com.br\/en\/wp-json\/wp\/v2\/users\/1"}],"replies":[{"embeddable":true,"href":"https:\/\/bbleng.com.br\/en\/wp-json\/wp\/v2\/comments?post=1829"}],"version-history":[{"count":14,"href":"https:\/\/bbleng.com.br\/en\/wp-json\/wp\/v2\/pages\/1829\/revisions"}],"predecessor-version":[{"id":1881,"href":"https:\/\/bbleng.com.br\/en\/wp-json\/wp\/v2\/pages\/1829\/revisions\/1881"}],"wp:attachment":[{"href":"https:\/\/bbleng.com.br\/en\/wp-json\/wp\/v2\/media?parent=1829"}],"curies":[{"name":"wp","href":"https:\/\/api.w.org\/{rel}","templated":true}]}}